{"id":1569,"date":"2023-08-06T14:35:09","date_gmt":"2023-08-06T14:35:09","guid":{"rendered":"https:\/\/www.ferumehealth.com\/es\/?page_id=1569"},"modified":"2025-03-27T12:52:12","modified_gmt":"2025-03-27T12:52:12","slug":"doctors","status":"publish","type":"page","link":"https:\/\/www.ferumehealth.com\/es\/doctors\/","title":{"rendered":"Doctors"},"content":{"rendered":"\n<div class=\"wp-block-columns is-layout-flex wp-container-core-columns-is-layout-5 wp-block-columns-is-layout-flex\">\n<div class=\"wp-block-column is-layout-flow wp-block-column-is-layout-flow\">\n<div class=\"wp-block-columns is-layout-flex wp-container-core-columns-is-layout-4 wp-block-columns-is-layout-flex\">\n<div class=\"wp-block-column is-layout-flow wp-block-column-is-layout-flow\">\n<div style=\"height:30px\" aria-hidden=\"true\" class=\"wp-block-spacer\"><\/div>\n\n\n\n<div class=\"wp-block-columns is-layout-flex wp-container-core-columns-is-layout-1 wp-block-columns-is-layout-flex\">\n<div class=\"wp-block-column is-layout-flow wp-block-column-is-layout-flow\">\n<figure class=\"wp-block-image size-full\"><img decoding=\"async\" src=\"https:\/\/ferumehealth.com\/wp-content\/uploads\/2023\/08\/dr.nejat-rustomov.png\" alt=\"\" class=\"wp-image-1898\"\/><\/figure>\n\n\n\n<h5 class=\"wp-block-heading\">Op.Dr.Nijat R.<\/h5>\n\n\n\n<p>Es especialista en Cirug\u00eda Pl\u00e1stica Reconstructiva y Est\u00e9tica. \u00c9l proporciona servicios en los camp&#8230;<\/p>\n\n\n\t\t<div class='wp-block-btn-button free  align' id='btnButton-f95bffa6-0' data-role=[] data-loginurl=&quot;https:\\\/\\\/www.ferumehealth.com\\\/es\\\/wp-login.php&quot; data-attributes='{&quot;cId&quot;:&quot;f95bffa6-0&quot;,&quot;cPostId&quot;:1569,&quot;text&quot;:&quot;M\\u00e1s Detalles&quot;,&quot;url&quot;:&quot;https:\\\/\\\/www.ferumehealth.com\\\/es\\\/op-dr-nejat-r\\\/&quot;,&quot;icon&quot;:{&quot;class&quot;:&quot;fas fa-angle-double-right&quot;,&quot;name&quot;:&quot;angle-double-right&quot;},&quot;upIcon&quot;:{&quot;id&quot;:974,&quot;url&quot;:&quot;https:\\\/\\\/www.vegahealthagency.com\\\/wp-content\\\/uploads\\\/2023\\\/04\\\/hair-transplantation-icon.png&quot;,&quot;alt&quot;:&quot;&quot;,&quot;title&quot;:&quot;hair transplantation icon&quot;},&quot;animationDuration&quot;:0.5,&quot;alignment&quot;:&quot;left&quot;,&quot;typography&quot;:{&quot;fontSize&quot;:16,&quot;fontWeight&quot;:600,&quot;textDecoration&quot;:&quot;none&quot;},&quot;colors&quot;:{&quot;color&quot;:&quot;#fff&quot;,&quot;bg&quot;:&quot;#4527a4&quot;,&quot;bgType&quot;:&quot;gradient&quot;,&quot;gradient&quot;:&quot;linear-gradient(50deg,rgb(11,225,249) 0%,rgb(0,0,0) 100%)&quot;},&quot;hovColors&quot;:{&quot;color&quot;:&quot;#fff&quot;,&quot;bg&quot;:&quot;#8ed1fc&quot;,&quot;bgType&quot;:&quot;gradient&quot;,&quot;gradient&quot;:&quot;linear-gradient(50deg,rgb(0,161,255) 0%,rgb(217,239,253) 100%)&quot;},&quot;padding&quot;:{&quot;vertical&quot;:&quot;12px&quot;,&quot;horizontal&quot;:&quot;24px&quot;,&quot;side&quot;:2,&quot;top&quot;:&quot;12px&quot;,&quot;right&quot;:&quot;24px&quot;,&quot;bottom&quot;:&quot;12px&quot;,&quot;left&quot;:&quot;24px&quot;},&quot;align&quot;:&quot;&quot;,&quot;securityPassword&quot;:&quot;&quot;,&quot;actionType&quot;:&quot;link&quot;,&quot;security&quot;:&quot;none&quot;,&quot;tooltip&quot;:&quot;&quot;,&quot;tooltipPos&quot;:&quot;top&quot;,&quot;target&quot;:&quot;_self&quot;,&quot;attrs&quot;:{&quot;rel&quot;:&quot;noreferrer&quot;,&quot;referrerpolicy&quot;:&quot;no-referrer&quot;},&quot;hideOn&quot;:{&quot;desktop&quot;:false,&quot;tablet&quot;:false,&quot;mobile&quot;:false},&quot;isDownload&quot;:false,&quot;downloadFileName&quot;:&quot;&quot;,&quot;isUpIcon&quot;:false,&quot;iconPos&quot;:&quot;left&quot;,&quot;type&quot;:&quot;flat&quot;,&quot;isFullWidth&quot;:false,&quot;size&quot;:&quot;medium&quot;,&quot;popup&quot;:{&quot;type&quot;:&quot;image&quot;,&quot;content&quot;:&quot;&quot;,&quot;caption&quot;:&quot;&quot;,&quot;width&quot;:&quot;&quot;},&quot;animationType&quot;:&quot;&quot;,&quot;addID&quot;:&quot;&quot;,&quot;addCSS&quot;:&quot;&quot;,&quot;border&quot;:{&quot;radius&quot;:&quot;5px&quot;},&quot;shadow&quot;:[],&quot;hasCustomCSS&quot;:false,&quot;customCSS&quot;:&quot;&quot;,&quot;otterConditions&quot;:[]}' data-nonce='&quot;afb89c00ba&quot;'><\/div>\r\n\r\n\t\t<\/div>\n\n\n\n<div class=\"wp-block-column is-layout-flow wp-block-column-is-layout-flow\">\n<figure class=\"wp-block-image size-full\"><img decoding=\"async\" src=\"https:\/\/ferumehealth.com\/wp-content\/uploads\/2023\/08\/prof.dr_.mustafa-atak.png\" alt=\"\" class=\"wp-image-1899\"\/><\/figure>\n\n\n\n<h5 class=\"wp-block-heading\">Prof.Dr.Mustafa A.<\/h5>\n\n\n\n<p>Naci\u00f3 el 10 de mayo de 1980. En 2003, se gradu\u00f3 en la Universidad de Kocaeli. En 2010, comenz\u00f3 el&nbsp;ser&#8230;<\/p>\n\n\n\t\t<div class='wp-block-btn-button free  align' id='btnButton-88bca3c6-6' data-role=[] data-loginurl=&quot;https:\\\/\\\/www.ferumehealth.com\\\/es\\\/wp-login.php&quot; data-attributes='{&quot;cId&quot;:&quot;88bca3c6-6&quot;,&quot;cPostId&quot;:1569,&quot;text&quot;:&quot;M\\u00e1s Detalles&quot;,&quot;url&quot;:&quot;https:\\\/\\\/www.ferumehealth.com\\\/es\\\/prof-dr-mustafa-a\\\/&quot;,&quot;icon&quot;:{&quot;class&quot;:&quot;fas fa-angle-double-right&quot;,&quot;name&quot;:&quot;angle-double-right&quot;},&quot;upIcon&quot;:{&quot;id&quot;:974,&quot;url&quot;:&quot;https:\\\/\\\/www.vegahealthagency.com\\\/wp-content\\\/uploads\\\/2023\\\/04\\\/hair-transplantation-icon.png&quot;,&quot;alt&quot;:&quot;&quot;,&quot;title&quot;:&quot;hair transplantation icon&quot;},&quot;animationDuration&quot;:0.5,&quot;alignment&quot;:&quot;left&quot;,&quot;typography&quot;:{&quot;fontSize&quot;:16,&quot;fontWeight&quot;:600,&quot;textDecoration&quot;:&quot;none&quot;},&quot;colors&quot;:{&quot;color&quot;:&quot;#fff&quot;,&quot;bg&quot;:&quot;#4527a4&quot;,&quot;bgType&quot;:&quot;gradient&quot;,&quot;gradient&quot;:&quot;linear-gradient(50deg,rgb(11,225,249) 0%,rgb(0,0,0) 100%)&quot;},&quot;hovColors&quot;:{&quot;color&quot;:&quot;#fff&quot;,&quot;bg&quot;:&quot;#8ed1fc&quot;,&quot;bgType&quot;:&quot;gradient&quot;,&quot;gradient&quot;:&quot;linear-gradient(50deg,rgb(0,161,255) 0%,rgb(217,239,253) 100%)&quot;},&quot;padding&quot;:{&quot;vertical&quot;:&quot;12px&quot;,&quot;horizontal&quot;:&quot;24px&quot;,&quot;side&quot;:2,&quot;top&quot;:&quot;12px&quot;,&quot;right&quot;:&quot;24px&quot;,&quot;bottom&quot;:&quot;12px&quot;,&quot;left&quot;:&quot;24px&quot;},&quot;align&quot;:&quot;&quot;,&quot;securityPassword&quot;:&quot;&quot;,&quot;actionType&quot;:&quot;link&quot;,&quot;security&quot;:&quot;none&quot;,&quot;tooltip&quot;:&quot;&quot;,&quot;tooltipPos&quot;:&quot;top&quot;,&quot;target&quot;:&quot;_self&quot;,&quot;attrs&quot;:{&quot;rel&quot;:&quot;noreferrer&quot;,&quot;referrerpolicy&quot;:&quot;no-referrer&quot;},&quot;hideOn&quot;:{&quot;desktop&quot;:false,&quot;tablet&quot;:false,&quot;mobile&quot;:false},&quot;isDownload&quot;:false,&quot;downloadFileName&quot;:&quot;&quot;,&quot;isUpIcon&quot;:false,&quot;iconPos&quot;:&quot;left&quot;,&quot;type&quot;:&quot;flat&quot;,&quot;isFullWidth&quot;:false,&quot;size&quot;:&quot;medium&quot;,&quot;popup&quot;:{&quot;type&quot;:&quot;image&quot;,&quot;content&quot;:&quot;&quot;,&quot;caption&quot;:&quot;&quot;,&quot;width&quot;:&quot;&quot;},&quot;animationType&quot;:&quot;&quot;,&quot;addID&quot;:&quot;&quot;,&quot;addCSS&quot;:&quot;&quot;,&quot;border&quot;:{&quot;radius&quot;:&quot;5px&quot;},&quot;shadow&quot;:[],&quot;hasCustomCSS&quot;:false,&quot;customCSS&quot;:&quot;&quot;,&quot;otterConditions&quot;:[]}' data-nonce='&quot;afb89c00ba&quot;'><\/div>\r\n\r\n\t\t<\/div>\n\n\n\n<div class=\"wp-block-column is-layout-flow wp-block-column-is-layout-flow\">\n<figure class=\"wp-block-image size-full\"><img loading=\"lazy\" decoding=\"async\" width=\"350\" height=\"400\" src=\"https:\/\/www.ferumehealth.com\/es\/wp-content\/uploads\/2024\/04\/dt.-hanifi-saricicek.png\" alt=\"\" class=\"wp-image-1728\" srcset=\"https:\/\/www.ferumehealth.com\/es\/wp-content\/uploads\/2024\/04\/dt.-hanifi-saricicek.png 350w, https:\/\/www.ferumehealth.com\/es\/wp-content\/uploads\/2024\/04\/dt.-hanifi-saricicek-263x300.png 263w\" sizes=\"auto, (max-width: 350px) 100vw, 350px\" \/><\/figure>\n\n\n\n<h5 class=\"wp-block-heading\">Dt.Hanifi S.<\/h5>\n\n\n\n<p><strong><strong>Educaci\u00f3n<\/strong><\/strong><\/p>\n\n\n\n<p>&#8211; Universidad de Selcuk, Facultad de Odontolog\u00eda \/ 2007<br>*Trabaja como gerente&#8230;<\/p>\n\n\n\t\t<div class='wp-block-btn-button free  align' id='btnButton-db5945ef-2' data-role=[] data-loginurl=&quot;https:\\\/\\\/www.ferumehealth.com\\\/es\\\/wp-login.php&quot; data-attributes='{&quot;cId&quot;:&quot;db5945ef-2&quot;,&quot;cPostId&quot;:1569,&quot;text&quot;:&quot;M\\u00e1s Detalles&quot;,&quot;url&quot;:&quot;https:\\\/\\\/www.ferumehealth.com\\\/es\\\/dt-hanifi-s\\\/&quot;,&quot;icon&quot;:{&quot;class&quot;:&quot;fas fa-angle-double-right&quot;,&quot;name&quot;:&quot;angle-double-right&quot;},&quot;upIcon&quot;:{&quot;id&quot;:974,&quot;url&quot;:&quot;https:\\\/\\\/www.vegahealthagency.com\\\/wp-content\\\/uploads\\\/2023\\\/04\\\/hair-transplantation-icon.png&quot;,&quot;alt&quot;:&quot;&quot;,&quot;title&quot;:&quot;hair transplantation icon&quot;},&quot;animationDuration&quot;:0.5,&quot;alignment&quot;:&quot;left&quot;,&quot;typography&quot;:{&quot;fontSize&quot;:16,&quot;fontWeight&quot;:600,&quot;textDecoration&quot;:&quot;none&quot;},&quot;colors&quot;:{&quot;color&quot;:&quot;#fff&quot;,&quot;bg&quot;:&quot;#4527a4&quot;,&quot;bgType&quot;:&quot;gradient&quot;,&quot;gradient&quot;:&quot;linear-gradient(50deg,rgb(11,225,249) 0%,rgb(0,0,0) 100%)&quot;},&quot;hovColors&quot;:{&quot;color&quot;:&quot;#fff&quot;,&quot;bg&quot;:&quot;#8ed1fc&quot;,&quot;bgType&quot;:&quot;gradient&quot;,&quot;gradient&quot;:&quot;linear-gradient(50deg,rgb(0,161,255) 0%,rgb(217,239,253) 100%)&quot;},&quot;padding&quot;:{&quot;vertical&quot;:&quot;12px&quot;,&quot;horizontal&quot;:&quot;24px&quot;,&quot;side&quot;:2,&quot;top&quot;:&quot;12px&quot;,&quot;right&quot;:&quot;24px&quot;,&quot;bottom&quot;:&quot;12px&quot;,&quot;left&quot;:&quot;24px&quot;},&quot;align&quot;:&quot;&quot;,&quot;securityPassword&quot;:&quot;&quot;,&quot;actionType&quot;:&quot;link&quot;,&quot;security&quot;:&quot;none&quot;,&quot;tooltip&quot;:&quot;&quot;,&quot;tooltipPos&quot;:&quot;top&quot;,&quot;target&quot;:&quot;_self&quot;,&quot;attrs&quot;:{&quot;rel&quot;:&quot;noreferrer&quot;,&quot;referrerpolicy&quot;:&quot;no-referrer&quot;},&quot;hideOn&quot;:{&quot;desktop&quot;:false,&quot;tablet&quot;:false,&quot;mobile&quot;:false},&quot;isDownload&quot;:false,&quot;downloadFileName&quot;:&quot;&quot;,&quot;isUpIcon&quot;:false,&quot;iconPos&quot;:&quot;left&quot;,&quot;type&quot;:&quot;flat&quot;,&quot;isFullWidth&quot;:false,&quot;size&quot;:&quot;medium&quot;,&quot;popup&quot;:{&quot;type&quot;:&quot;image&quot;,&quot;content&quot;:&quot;&quot;,&quot;caption&quot;:&quot;&quot;,&quot;width&quot;:&quot;&quot;},&quot;animationType&quot;:&quot;&quot;,&quot;addID&quot;:&quot;&quot;,&quot;addCSS&quot;:&quot;&quot;,&quot;border&quot;:{&quot;radius&quot;:&quot;5px&quot;},&quot;shadow&quot;:[],&quot;hasCustomCSS&quot;:false,&quot;customCSS&quot;:&quot;&quot;,&quot;otterConditions&quot;:[]}' data-nonce='&quot;afb89c00ba&quot;'><\/div>\r\n\r\n\t\t<\/div>\n<\/div>\n\n\n\n<div style=\"height:30px\" aria-hidden=\"true\" class=\"wp-block-spacer\"><\/div>\n\n\n\n<div class=\"wp-block-columns is-layout-flex wp-container-core-columns-is-layout-3 wp-block-columns-is-layout-flex\">\n<div class=\"wp-block-column is-layout-flow wp-block-column-is-layout-flow\">\n<div class=\"wp-block-columns is-layout-flex wp-container-core-columns-is-layout-2 wp-block-columns-is-layout-flex\">\n<div class=\"wp-block-column is-layout-flow wp-block-column-is-layout-flow\"><\/div>\n<\/div>\n<\/div>\n<\/div>\n<\/div>\n<\/div>\n<\/div>\n<\/div>\n","protected":false},"excerpt":{"rendered":"<p>Op.Dr.Nijat R. Es especialista en Cirug\u00eda Pl\u00e1stica Reconstructiva y Est\u00e9tica. \u00c9l proporciona servicios en los camp&#8230; Prof.Dr.Mustafa A. Naci\u00f3 el 10 de mayo de 1980.\u2026<\/p>\n","protected":false},"author":1,"featured_media":0,"parent":0,"menu_order":0,"comment_status":"closed","ping_status":"closed","template":"","meta":{"_themeisle_gutenberg_block_has_review":false,"footnotes":""},"class_list":["post-1569","page","type-page","status-publish","hentry"],"_links":{"self":[{"href":"https:\/\/www.ferumehealth.com\/es\/wp-json\/wp\/v2\/pages\/1569","targetHints":{"allow":["GET"]}}],"collection":[{"href":"https:\/\/www.ferumehealth.com\/es\/wp-json\/wp\/v2\/pages"}],"about":[{"href":"https:\/\/www.ferumehealth.com\/es\/wp-json\/wp\/v2\/types\/page"}],"author":[{"embeddable":true,"href":"https:\/\/www.ferumehealth.com\/es\/wp-json\/wp\/v2\/users\/1"}],"replies":[{"embeddable":true,"href":"https:\/\/www.ferumehealth.com\/es\/wp-json\/wp\/v2\/comments?post=1569"}],"version-history":[{"count":21,"href":"https:\/\/www.ferumehealth.com\/es\/wp-json\/wp\/v2\/pages\/1569\/revisions"}],"predecessor-version":[{"id":1907,"href":"https:\/\/www.ferumehealth.com\/es\/wp-json\/wp\/v2\/pages\/1569\/revisions\/1907"}],"wp:attachment":[{"href":"https:\/\/www.ferumehealth.com\/es\/wp-json\/wp\/v2\/media?parent=1569"}],"curies":[{"name":"wp","href":"https:\/\/api.w.org\/{rel}","templated":true}]}}