{"id":1617,"date":"2023-08-11T22:09:43","date_gmt":"2023-08-11T22:09:43","guid":{"rendered":"https:\/\/www.ferumehealth.com\/es\/?page_id=1617"},"modified":"2024-09-28T20:27:08","modified_gmt":"2024-09-28T20:27:08","slug":"chapa-de-porcelana","status":"publish","type":"page","link":"https:\/\/www.ferumehealth.com\/es\/chapa-de-porcelana\/","title":{"rendered":"Chapa de Porcelana"},"content":{"rendered":"\n<div class=\"wp-block-columns is-layout-flex wp-container-core-columns-is-layout-1 wp-block-columns-is-layout-flex\">\n<div class=\"wp-block-column is-layout-flow wp-block-column-is-layout-flow\"><\/div>\n<\/div>\n\n\n\n<figure class=\"wp-block-image size-large is-resized\"><img loading=\"lazy\" decoding=\"async\" width=\"1024\" height=\"346\" src=\"https:\/\/www.ferumehealth.com\/es\/wp-content\/uploads\/2024\/09\/porselen-kaplama-ispanyol-1024x346.jpg\" alt=\"\" class=\"wp-image-1856\" style=\"object-fit:contain;width:1520px;height:540px\" srcset=\"https:\/\/www.ferumehealth.com\/es\/wp-content\/uploads\/2024\/09\/porselen-kaplama-ispanyol-1024x346.jpg 1024w, https:\/\/www.ferumehealth.com\/es\/wp-content\/uploads\/2024\/09\/porselen-kaplama-ispanyol-300x101.jpg 300w, https:\/\/www.ferumehealth.com\/es\/wp-content\/uploads\/2024\/09\/porselen-kaplama-ispanyol-768x260.jpg 768w, https:\/\/www.ferumehealth.com\/es\/wp-content\/uploads\/2024\/09\/porselen-kaplama-ispanyol-370x125.jpg 370w, https:\/\/www.ferumehealth.com\/es\/wp-content\/uploads\/2024\/09\/porselen-kaplama-ispanyol-760x257.jpg 760w, https:\/\/www.ferumehealth.com\/es\/wp-content\/uploads\/2024\/09\/porselen-kaplama-ispanyol.jpg 1536w\" sizes=\"auto, (max-width: 1024px) 100vw, 1024px\" \/><\/figure>\n\n\n\n<h3 class=\"wp-block-heading\">\u00bfC\u00f3mo se Fabrica la Carilla de Porcelana?<\/h3>\n\n\n\n<p>La carilla de porcelana es un m\u00e9todo de tratamiento dental utilizado para mejorar la apariencia est\u00e9tica de los dientes y reparar los dientes da\u00f1ados. Se realiza utilizando materiales como carillas de porcelana o coronas de porcelana y zirconio. Estos son los pasos generales de la carilla de porcelana:<\/p>\n\n\n\n<ol class=\"wp-block-list\">\n<li><strong>Consulta y Evaluaci\u00f3n:<\/strong> El primer paso es discutir sus necesidades y expectativas con su dentista. El dentista evaluar\u00e1 el estado de sus dientes y determinar\u00e1 si una carilla de porcelana es adecuada para usted.<\/li>\n\n\n\n<li><strong>Fase de preparaci\u00f3n:<\/strong> Antes de iniciar el tratamiento, se preparan los dientes. Los dientes da\u00f1ados o deformes se corrigen y moldean seg\u00fan sea necesario. El dentista quita una capa delgada de la superficie del diente y crea un \u00e1rea adecuada para colocar la carilla de porcelana.<\/li>\n\n\n\n<li><strong>Toma de impresi\u00f3n:<\/strong> una vez que se completa el proceso de modelado, su dentista toma las medidas de sus dientes. Estas dimensiones se utilizan para la producci\u00f3n especial de carillas o coronas de porcelana para uso en el laboratorio.<\/li>\n\n\n\n<li><strong>Carilla temporal:<\/strong> despu\u00e9s de tomar las impresiones, se puede colocar una carilla temporal para proteger sus dientes hasta que se produzca una carilla o corona de porcelana permanente. La carilla temporal puede no tener la misma apariencia est\u00e9tica que la permanente.<\/li>\n\n\n\n<li><strong>Aplicaci\u00f3n de Carilla o Corona de Porcelana:<\/strong> Cuando la carilla o corona de porcelana, que se produce especialmente en el laboratorio, est\u00e1 lista, el dentista coloca la carilla o corona permanente en su diente. Se asegura que la carilla o corona encaje correctamente y sea compatible con el diente.<\/li>\n\n\n\n<li><strong>Prueba y ajuste:<\/strong> despu\u00e9s de colocar la carilla o corona de porcelana, el dentista verifica el color, la forma y el ajuste. Si es necesario, se pueden hacer ajustes y se asegura la satisfacci\u00f3n del paciente.<\/li>\n\n\n\n<li><strong>Pasos finales:<\/strong> Despu\u00e9s de que se aprueba la idoneidad de la carilla o corona de porcelana, se adhiere permanentemente a su diente. Es importante prestar atenci\u00f3n a la higiene bucal despu\u00e9s de la aplicaci\u00f3n.<\/li>\n<\/ol>\n\n\n\n<p>Las carillas de porcelana se utilizan a menudo para mejorar la est\u00e9tica dental y se centran en imitar la apariencia natural del diente. Sin embargo, dado que la situaci\u00f3n de cada individuo es diferente, es importante analizar la opci\u00f3n de tratamiento adecuada y sus expectativas con su dentista para obtener los mejores resultados.<\/p>\n\n\n\n<h3 class=\"wp-block-heading\">\u00bfCu\u00e1les son Los M\u00e9todos de Revestimiento de Porcelana?<\/h3>\n\n\n\n<p>La porcelana es un material utilizado en tratamientos dentales con diferentes m\u00e9todos. La porcelana se prefiere en muchas opciones de tratamiento diferentes debido a su durabilidad, apariencia est\u00e9tica y cercan\u00eda al color natural del diente. Aqu\u00ed est\u00e1 el uso de la porcelana en diferentes m\u00e9todos de tratamiento dental:<\/p>\n\n\n\n<ol class=\"wp-block-list\">\n<li><strong>Carillas de porcelana:<\/strong> Las carillas de porcelana son finas capas de porcelana que se adhieren a la superficie frontal de los dientes. Se utilizan para corregir defectos en el color, la forma o el tama\u00f1o de los dientes y para obtener una sonrisa est\u00e9tica. Pueden requerir una preparaci\u00f3n dental m\u00ednima y pueden ayudar a preservar la estructura dental natural.<\/li>\n\n\n\n<li><strong>Coronas de Porcelana Zirconio:<\/strong> El Zirconio es un tipo de cer\u00e1mica de alta durabilidad. Las coronas de porcelana y zirconio son carillas que se colocan sobre dientes da\u00f1ados o cariados. Brindan una apariencia est\u00e9ticamente agradable y se pueden producir cerca de la estructura dental natural.<\/li>\n\n\n\n<li><strong>Carillas Dentales de Porcelana:<\/strong> Estas carillas se preparan y aplican para cubrir todo el diente. Se utiliza para cambiar el color, la forma y el tama\u00f1o de los dientes y para reparar los dientes cariados o rotos.<\/li>\n\n\n\n<li><strong>Carillas dentales de implantes de porcelana:<\/strong> Son carillas de porcelana que se colocan sobre implantes dentales. Las carillas implantosoportadas son las preferidas para reemplazar dientes perdidos o restaurar dientes da\u00f1ados.<\/li>\n\n\n\n<li><strong>Coronas completas de porcelana:<\/strong> Son coronas hechas completamente de porcelana. Se utilizan especialmente en dientes anteriores y ayudan a imitar est\u00e9ticamente la estructura natural del diente.<\/li>\n\n\n\n<li><strong>Coronas entrelazadas de porcelana:<\/strong> estas coronas brindan una apariencia est\u00e9tica al mismo tiempo que aumentan la fuerza del diente al cubrir la parte da\u00f1ada o cariada del diente de manera entrelazada.<\/li>\n\n\n\n<li><strong>Carillas de porcelana laminada:<\/strong> Las carillas de porcelana laminada son capas delgadas de porcelana que se aplican a la superficie frontal del diente. Se utiliza para corregir el color, la forma y la longitud de los dientes.<\/li>\n<\/ol>\n\n\n\n<p>Los m\u00e9todos de porcelana se basan en planes de tratamiento personalizados que el dentista determina seg\u00fan las necesidades del paciente y el estado de los dientes. Es importante hablar con un dentista para determinar qu\u00e9 m\u00e9todo de tratamiento de porcelana es mejor para usted.<\/p>\n\n\n\n<h3 class=\"wp-block-heading\">\u00bfPara Qui\u00e9n es Adecuada la Carilla de Porcelana?<\/h3>\n\n\n\n<p>El tratamiento dental de porcelana suele ser una opci\u00f3n adecuada para las personas que tienen preocupaciones est\u00e9ticas o tienen varios problemas con los dientes. La carilla de porcelana puede ser particularmente adecuada para las siguientes situaciones:<\/p>\n\n\n\n<ol class=\"wp-block-list\">\n<li><strong>Cambios de color:<\/strong> Los problemas est\u00e9ticos como la decoloraci\u00f3n, tinci\u00f3n o amarilleamiento excesivo de los dientes se pueden corregir con tratamientos como carillas de porcelana o blanqueamiento dental.<\/li>\n\n\n\n<li><strong>Dientes rotos o cariados:<\/strong> los dientes rotos, agrietados o cariados se pueden reparar con carillas o coronas de porcelana. Estos tratamientos proporcionan una apariencia est\u00e9tica mientras restauran la fuerza del diente.<\/li>\n\n\n\n<li><strong>Deformidades de los dientes:<\/strong> la deformidad o la longitud desigual de los dientes se puede corregir con carillas de porcelana o moldeado de dientes.<\/li>\n\n\n\n<li><strong>Dientes Intermitentes:<\/strong> Los espacios o espacios entre dientes se pueden cerrar con carillas de porcelana.<\/li>\n\n\n\n<li><strong>Dientes desgastados:<\/strong> los dientes desgastados se pueden corregir remodel\u00e1ndolos con carillas o coronas de porcelana.<\/li>\n\n\n\n<li><strong>Dientes faltantes:<\/strong> Despu\u00e9s de que los dientes faltantes se reemplazan con implantes dentales, se puede obtener una sonrisa est\u00e9tica colocando carillas o coronas de porcelana sobre la misma.<\/li>\n\n\n\n<li><strong>Mejora de la sonrisa natural:<\/strong> las carillas de porcelana pueden ser preferidas para las personas que desean mejorar la apariencia est\u00e9tica general de los dientes y lograr una sonrisa m\u00e1s natural.<\/li>\n\n\n\n<li><strong>Dientes extremadamente desgastados:<\/strong> los dientes que se han desgastado demasiado debido a la erosi\u00f3n \u00e1cida excesiva o al apretarlos o estirarlos pueden reconstruirse con carillas o coronas de porcelana.<\/li>\n\n\n\n<li><strong>Lesiones Permanentes o Anomal\u00edas Estructurales:<\/strong> Las lesiones permanentes o anomal\u00edas cong\u00e9nitas en la estructura dental se pueden corregir con carillas o coronas de porcelana.<\/li>\n<\/ol>\n\n\n\n<p>La carilla de porcelana es adecuada para personas que mantienen las rutinas b\u00e1sicas de cuidado e higiene requeridas para tener salud dental. Sin embargo, dado que la situaci\u00f3n de cada individuo es diferente, es importante hablar con un dentista para determinar si una carilla de porcelana es adecuada para usted. Tu dentista evaluar\u00e1 tu situaci\u00f3n y te ayudar\u00e1 a decidir recomend\u00e1ndote la opci\u00f3n de tratamiento m\u00e1s adecuada.<\/p>\n\n\n\n<h3 class=\"wp-block-heading\">\u00bfCu\u00e1les son los Procesos de Pretratamiento de las Carillas de Porcelana?<\/h3>\n\n\n\n<p>Los procesos de pretratamiento de porcelana incluyen pasos que deben realizarse antes de aplicar tratamientos como carillas o coronas de porcelana. Estos pasos son importantes para preparar los dientes y planificar correctamente el tratamiento. Estos son los pasos b\u00e1sicos del pretratamiento de porcelana:<\/p>\n\n\n\n<ol class=\"wp-block-list\">\n<li><strong>Examen y Evaluaci\u00f3n Dental:<\/strong> El primer paso es acudir a un dentista y evaluar el estado general de sus dientes. El dentista realizar\u00e1 un examen para determinar el estado de salud de tus dientes, problemas est\u00e9ticos y tus necesidades.<\/li>\n\n\n\n<li><strong>Planificaci\u00f3n del tratamiento:<\/strong> el dentista le explicar\u00e1 las opciones de tratamiento de porcelana adecuadas y los posibles planes de tratamiento en funci\u00f3n de los resultados del examen. Se crea un plan teniendo en cuenta los objetivos, las expectativas y el presupuesto de su tratamiento.<\/li>\n\n\n\n<li><strong>Selecci\u00f3n de color:<\/strong> si se van a aplicar carillas o coronas de porcelana, se entrevista al dentista sobre el color del diente. Para obtener un resultado natural y est\u00e9tico, se selecciona un color adecuado para sus dientes.<\/li>\n\n\n\n<li><strong>Examen radiogr\u00e1fico:<\/strong> puede ser necesario examinar sus dientes con m\u00e1s detalle con la ayuda de rayos X o im\u00e1genes digitales para producir carillas o coronas de porcelana que se usar\u00e1n durante el tratamiento en tama\u00f1os y formas adecuados para sus dientes.<\/li>\n\n\n\n<li><strong>Preparaci\u00f3n de los dientes:<\/strong> puede ser necesario preparar los dientes antes de aplicar carillas o coronas de porcelana. Se toman las acciones necesarias para corregir las partes da\u00f1adas, rotas o podridas. Se elimina una capa delgada de la superficie frontal de los dientes, creando espacio para la colocaci\u00f3n adecuada de carillas o coronas de porcelana.<\/li>\n\n\n\n<li><strong>Carillas Temporales:<\/strong> Las carillas temporales se pueden colocar mientras las carillas o coronas de porcelana est\u00e1n en producci\u00f3n. Estas carillas temporales se utilizan para proteger los dientes y brindar una apariencia est\u00e9tica.<\/li>\n\n\n\n<li><strong>Impresiones:<\/strong> Se miden sus dientes para producir carillas o coronas de porcelana. Estas medidas se transmiten al laboratorio y se producen carillas o coronas personalizadas.<\/li>\n<\/ol>\n\n\n\n<p>Los procesos de pretratamiento de porcelana constituyen los pasos b\u00e1sicos para la aplicaci\u00f3n exitosa de carillas de porcelana. Cada una de estas etapas afecta el resultado del tratamiento, por lo que es importante trabajar con un dentista experimentado.<\/p>\n\n\n\n<h3 class=\"wp-block-heading\">Proceso de Tratamiento Despu\u00e9s de la Carilla de Porcelana<\/h3>\n\n\n\n<p>El cuidado despu\u00e9s de la carilla de porcelana es extremadamente importante para garantizar que el tratamiento sea duradero y exitoso. Las carillas o coronas de porcelana pueden tener una textura similar a la de los dientes naturales, pero requieren un cuidado regular y adecuado. Aqu\u00ed est\u00e1n el proceso y las recomendaciones del tratamiento posterior a la porcelana:<\/p>\n\n\n\n<ol class=\"wp-block-list\">\n<li><strong>Higiene oral:<\/strong> las enc\u00edas y los dientes alrededor de carillas o coronas de porcelana deben cepillarse y usar hilo dental con regularidad. Esto previene la acumulaci\u00f3n de placa y bacterias, protege la salud de las enc\u00edas y previene problemas que pueden ocurrir debajo de las carillas.<\/li>\n\n\n\n<li><strong>Controles Odontol\u00f3gicos:<\/strong> Debes acudir a los controles peri\u00f3dicos en los intervalos que determine tu odont\u00f3logo. En estos controles se eval\u00faa el estado de las carillas o coronas, se realizan los ajustes necesarios y se detectan de forma precoz posibles problemas.<\/li>\n\n\n\n<li><strong>Tenga cuidado con las situaciones de apretar y rechinar los dientes:<\/strong> si tiene el h\u00e1bito de apretar o rechinar los dientes, esto puede afectar negativamente a las carillas o coronas. Si tienes los dientes apretados o rechinados, tu dentista puede aconsejarte al respecto.<\/li>\n\n\n\n<li><strong>H\u00e1bitos nutricionales:<\/strong> comer en exceso alimentos duros o pegajosos o usar los dientes para afilarlos puede provocar da\u00f1os en las carillas o coronas. Es importante evitar tales alimentos o tener cuidado, especialmente si hay carillas en los dientes frontales.<\/li>\n\n\n\n<li><strong>Protectores bucales:<\/strong> si tiene problemas para apretar o rechinar los dientes por la noche, su dentista puede recomendarle el uso de un protector bucal especialmente preparado. Esta herramienta puede reducir la presi\u00f3n sobre la carilla de porcelana mientras protege los dientes.<\/li>\n\n\n\n<li><strong>Evitar los alimentos coloreados:<\/strong> aunque las carillas o coronas de porcelana son similares en color y estructura a los dientes naturales, el consumo excesivo de alimentos coloreados (p. ej., caf\u00e9, t\u00e9, vino tinto) puede provocar decoloraci\u00f3n. Evitar este tipo de alimentos o limitar su consumo puede ayudar a que los colores del pelaje se mantengan blancos por m\u00e1s tiempo.<\/li>\n\n\n\n<li><strong>Limpieza regular:<\/strong> Tener limpiezas dentales profesionales regularmente seg\u00fan lo recomendado por su dentista protege la salud de sus enc\u00edas y carillas.<\/li>\n<\/ol>\n\n\n\n<p>La aplicaci\u00f3n de rutinas de cuidado adecuadas despu\u00e9s de la carilla de porcelana asegura que el tratamiento mantenga su apariencia est\u00e9tica y duradera. Mantenerse en contacto regular con su dentista y seguir sus recomendaciones ayudar\u00e1 a que el tratamiento produzca resultados exitosos.<\/p>\n","protected":false},"excerpt":{"rendered":"<p>\u00bfC\u00f3mo se Fabrica la Carilla de Porcelana? La carilla de porcelana es un m\u00e9todo de tratamiento dental utilizado para mejorar la apariencia est\u00e9tica de los\u2026<\/p>\n","protected":false},"author":1,"featured_media":0,"parent":0,"menu_order":0,"comment_status":"closed","ping_status":"closed","template":"","meta":{"_themeisle_gutenberg_block_has_review":false,"footnotes":""},"class_list":["post-1617","page","type-page","status-publish","hentry"],"_links":{"self":[{"href":"https:\/\/www.ferumehealth.com\/es\/wp-json\/wp\/v2\/pages\/1617","targetHints":{"allow":["GET"]}}],"collection":[{"href":"https:\/\/www.ferumehealth.com\/es\/wp-json\/wp\/v2\/pages"}],"about":[{"href":"https:\/\/www.ferumehealth.com\/es\/wp-json\/wp\/v2\/types\/page"}],"author":[{"embeddable":true,"href":"https:\/\/www.ferumehealth.com\/es\/wp-json\/wp\/v2\/users\/1"}],"replies":[{"embeddable":true,"href":"https:\/\/www.ferumehealth.com\/es\/wp-json\/wp\/v2\/comments?post=1617"}],"version-history":[{"count":2,"href":"https:\/\/www.ferumehealth.com\/es\/wp-json\/wp\/v2\/pages\/1617\/revisions"}],"predecessor-version":[{"id":1857,"href":"https:\/\/www.ferumehealth.com\/es\/wp-json\/wp\/v2\/pages\/1617\/revisions\/1857"}],"wp:attachment":[{"href":"https:\/\/www.ferumehealth.com\/es\/wp-json\/wp\/v2\/media?parent=1617"}],"curies":[{"name":"wp","href":"https:\/\/api.w.org\/{rel}","templated":true}]}}