{"id":1619,"date":"2023-08-11T22:17:51","date_gmt":"2023-08-11T22:17:51","guid":{"rendered":"https:\/\/www.ferumehealth.com\/es\/?page_id=1619"},"modified":"2024-09-28T18:32:46","modified_gmt":"2024-09-28T18:32:46","slug":"tratamiento-de-ereccion-masculina","status":"publish","type":"page","link":"https:\/\/www.ferumehealth.com\/es\/tratamiento-de-ereccion-masculina\/","title":{"rendered":"Tratamiento de Erecci\u00f3n Masculina"},"content":{"rendered":"\n<div class=\"wp-block-columns is-layout-flex wp-container-core-columns-is-layout-1 wp-block-columns-is-layout-flex\">\n<div class=\"wp-block-column is-layout-flow wp-block-column-is-layout-flow\"><\/div>\n<\/div>\n\n\n\n<figure class=\"wp-block-image size-large\"><img loading=\"lazy\" decoding=\"async\" width=\"1024\" height=\"346\" src=\"https:\/\/www.ferumehealth.com\/es\/wp-content\/uploads\/2024\/09\/Erkek-ereksiyon-tedavisi-isp-1024x346.jpg\" alt=\"\" class=\"wp-image-1797\" srcset=\"https:\/\/www.ferumehealth.com\/es\/wp-content\/uploads\/2024\/09\/Erkek-ereksiyon-tedavisi-isp-1024x346.jpg 1024w, https:\/\/www.ferumehealth.com\/es\/wp-content\/uploads\/2024\/09\/Erkek-ereksiyon-tedavisi-isp-300x101.jpg 300w, https:\/\/www.ferumehealth.com\/es\/wp-content\/uploads\/2024\/09\/Erkek-ereksiyon-tedavisi-isp-768x260.jpg 768w, https:\/\/www.ferumehealth.com\/es\/wp-content\/uploads\/2024\/09\/Erkek-ereksiyon-tedavisi-isp-370x125.jpg 370w, https:\/\/www.ferumehealth.com\/es\/wp-content\/uploads\/2024\/09\/Erkek-ereksiyon-tedavisi-isp-760x257.jpg 760w, https:\/\/www.ferumehealth.com\/es\/wp-content\/uploads\/2024\/09\/Erkek-ereksiyon-tedavisi-isp.jpg 1536w\" sizes=\"auto, (max-width: 1024px) 100vw, 1024px\" \/><\/figure>\n\n\n\n<h3 class=\"wp-block-heading\">\u00bfQu\u00e9 es el Tratamiento de la Erecci\u00f3n Masculina?<\/h3>\n\n\n\n<p>La terapia de erecci\u00f3n masculina se refiere a los m\u00e9todos destinados a tratar la afecci\u00f3n, tambi\u00e9n conocida como disfunci\u00f3n er\u00e9ctil (problema de erecci\u00f3n). La disfunci\u00f3n er\u00e9ctil es la incapacidad de los hombres para lograr o mantener una erecci\u00f3n de suficiente fuerza y \u200b\u200bduraci\u00f3n para tener relaciones sexuales. Esta condici\u00f3n puede ocurrir debido a problemas f\u00edsicos, psicol\u00f3gicos o una combinaci\u00f3n de ambos. Los problemas de erecci\u00f3n pueden afectar negativamente la salud sexual y la calidad de vida en general.<\/p>\n\n\n\n<p>El tratamiento de la erecci\u00f3n puede involucrar diferentes enfoques seg\u00fan las causas subyacentes y la condici\u00f3n del paciente. Aqu\u00ed hay algunos m\u00e9todos com\u00fanmente utilizados para el tratamiento de la erecci\u00f3n masculina:<\/p>\n\n\n\n<ol class=\"wp-block-list\">\n<li><strong>Cambios en el estilo de vida:<\/strong> los factores de estilo de vida poco saludables pueden causar problemas de erecci\u00f3n. Por lo tanto, son importantes los cambios en el estilo de vida, como el ejercicio regular, una dieta equilibrada, el control del peso, la reducci\u00f3n del consumo de tabaco y alcohol.<\/li>\n\n\n\n<li><strong>Asesoramiento psicol\u00f3gico:<\/strong> Los factores psicol\u00f3gicos como el estr\u00e9s, la ansiedad y la depresi\u00f3n pueden causar problemas de erecci\u00f3n. El asesoramiento o la terapia psicol\u00f3gica pueden ayudar a superar estos problemas.<\/li>\n\n\n\n<li><strong>Medicamentos:<\/strong> Los medicamentos llamados inhibidores de la fosfodiesterasa tipo 5 (inhibidores de la PDE5) se usan com\u00fanmente para tratar los problemas de erecci\u00f3n. Estos medicamentos aumentan el flujo sangu\u00edneo para lograr o mantener una erecci\u00f3n. Los medicamentos como Sildenafil (Viagra), Tadalafil (Cialis), Vardenafil (Levitra) se encuentran en esta categor\u00eda.<\/li>\n\n\n\n<li><strong>Dispositivos de vac\u00edo:<\/strong> Los dispositivos de vac\u00edo crean un vac\u00edo alrededor del pene, lo que aumenta el flujo sangu\u00edneo y garantiza una erecci\u00f3n. Luego se usa un anillo (anillo para el pene) para mantener una erecci\u00f3n.<\/li>\n\n\n\n<li><strong>Terapia de inyecci\u00f3n:<\/strong> Los medicamentos inyectados en el pene aumentan el flujo sangu\u00edneo al dilatar los vasos del pene. Esto ayuda a lograr una erecci\u00f3n. El alprostadil es el f\u00e1rmaco de terapia inyectable m\u00e1s utilizado.<\/li>\n\n\n\n<li><strong>Pr\u00f3tesis de pene:<\/strong> se puede considerar la implantaci\u00f3n quir\u00fargica de una pr\u00f3tesis de pene si otras modalidades de tratamiento no funcionan o no se prefieren. Estas pr\u00f3tesis son implantes que endurecen el pene.<\/li>\n<\/ol>\n\n\n\n<p>La terapia de erecci\u00f3n se adapta a la situaci\u00f3n espec\u00edfica de cada individuo. La elecci\u00f3n del tratamiento puede variar seg\u00fan las causas subyacentes, el estado de salud del paciente y sus preferencias. Es importante que las personas que tienen problemas de erecci\u00f3n hablen con un profesional de la salud y determinen la opci\u00f3n de tratamiento adecuada.<\/p>\n\n\n\n<h3 class=\"wp-block-heading\">\u00bfCu\u00e1les son los M\u00e9todos de Tratamiento de la Erecci\u00f3n Masculina?<\/h3>\n\n\n\n<p>Hay varios m\u00e9todos disponibles para el tratamiento de las erecciones masculinas. Dependiendo de las causas subyacentes del problema de erecci\u00f3n, puede ser necesario probar uno o m\u00e1s de uno o m\u00e1s m\u00e9todos. Estos son los m\u00e9todos com\u00fanmente utilizados para el tratamiento de la erecci\u00f3n masculina:<\/p>\n\n\n\n<ol class=\"wp-block-list\">\n<li><strong>Medicamentos orales (inhibidores de la PDE5):<\/strong> Los inhibidores de la fosfodiesterasa tipo 5 (PDE5) como el sildenafilo (Viagra), el tadalafilo (Cialis), el vardenafilo (Levitra) se usan com\u00fanmente para tratar la disfunci\u00f3n er\u00e9ctil. Estos medicamentos ayudan a lograr una erecci\u00f3n al aumentar el flujo sangu\u00edneo en el pene en caso de excitaci\u00f3n sexual.<\/li>\n\n\n\n<li><strong>Terapia de inyecci\u00f3n:<\/strong> Los medicamentos que se inyectan en el pene (por ejemplo, alprostadil) aumentan el flujo sangu\u00edneo al relajar los m\u00fasculos lisos del interior del pene. Este m\u00e9todo puede ser el preferido para las personas que tienen problemas de erecci\u00f3n y no responden a los medicamentos orales.<\/li>\n\n\n\n<li><strong>Dispositivos de vac\u00edo:<\/strong> Los dispositivos de vac\u00edo para la erecci\u00f3n extraen sangre del pene al aspirarlo. Esto causa hinchaz\u00f3n y endurecimiento del pene. Luego se usa un anillo apretado (anillo del pene) en el pene para mantener una erecci\u00f3n.<\/li>\n\n\n\n<li><strong>Pr\u00f3tesis de pene:<\/strong> se puede considerar la implantaci\u00f3n quir\u00fargica de pr\u00f3tesis de pene si otras modalidades de tratamiento no son efectivas o no se prefieren. Estas pr\u00f3tesis son implantes que endurecen el pene y requieren un procedimiento quir\u00fargico.<\/li>\n\n\n\n<li><strong>Psicoterapia y asesoramiento:<\/strong> si existen factores psicol\u00f3gicos (estr\u00e9s, ansiedad, depresi\u00f3n, etc.) subyacentes a los problemas de erecci\u00f3n, puede ser \u00fatil buscar la ayuda de un terapeuta sexual o un psic\u00f3logo.<\/li>\n\n\n\n<li><strong>Cambios en el estilo de vida:<\/strong> los factores de estilo de vida poco saludables (obesidad, actividad f\u00edsica insuficiente, consumo de tabaco y alcohol, etc.) pueden causar problemas de erecci\u00f3n. Por lo tanto, los cambios en el estilo de vida pueden ayudar a aliviar los problemas de erecci\u00f3n.<\/li>\n\n\n\n<li><strong>M\u00e9todos quir\u00fargicos:<\/strong> las opciones quir\u00fargicas son el \u00faltimo recurso y generalmente se consideran en casos que no responden a otros tratamientos o cuando hay problemas anat\u00f3micos. Los implantes de pene se encuentran entre las opciones de esta categor\u00eda.<\/li>\n<\/ol>\n\n\n\n<p>Es importante hablar con un profesional de la salud para evaluar sus problemas de erecci\u00f3n y determinar la opci\u00f3n de tratamiento m\u00e1s adecuada. La situaci\u00f3n de cada persona puede ser diferente, por lo que ser evaluado y guiado por un m\u00e9dico especialista te ayudar\u00e1 a lograr los mejores resultados.<\/p>\n\n\n\n<h3 class=\"wp-block-heading\">\u00bfPara Qui\u00e9n es Adecuado el Tratamiento de la Erecci\u00f3n Masculina?<\/h3>\n\n\n\n<p>La terapia de erecci\u00f3n masculina es adecuada para personas que experimentan disfunci\u00f3n er\u00e9ctil (disfunci\u00f3n er\u00e9ctil). La disfunci\u00f3n er\u00e9ctil es la incapacidad de lograr o mantener una erecci\u00f3n de suficiente fuerza y \u200b\u200bduraci\u00f3n para tener relaciones sexuales. Las opciones de tratamiento pueden variar seg\u00fan el estado de salud, el estilo de vida, las preferencias y las causas subyacentes de una persona.<\/p>\n\n\n\n<p>Las siguientes situaciones pueden indicar que la terapia de erecci\u00f3n es adecuada para los hombres:<\/p>\n\n\n\n<ol class=\"wp-block-list\">\n<li><strong>Queja de disfunci\u00f3n er\u00e9ctil:<\/strong> el tratamiento es apropiado para personas que tienen disfunci\u00f3n er\u00e9ctil y no pueden lograr o mantener la rigidez adecuada durante las relaciones sexuales. Cuando este problema se repite regularmente y afecta negativamente la vida sexual, se debe considerar el tratamiento.<\/li>\n\n\n\n<li><strong>Problemas de salud f\u00edsica:<\/strong> Los problemas de salud f\u00edsica como la diabetes, la presi\u00f3n arterial alta, las enfermedades card\u00edacas y la obesidad pueden causar problemas de erecci\u00f3n. Se debe considerar el tratamiento para las personas con tales problemas de salud subyacentes.<\/li>\n\n\n\n<li><strong>Factores psicol\u00f3gicos:<\/strong> Los factores psicol\u00f3gicos como el estr\u00e9s, la ansiedad y la depresi\u00f3n pueden causar problemas de erecci\u00f3n. Se puede ofrecer tratamiento para problemas causados \u200b\u200bpor causas psicol\u00f3gicas.<\/li>\n\n\n\n<li><strong>Personas que no responden al tratamiento:<\/strong> se pueden considerar m\u00e9todos de tratamiento alternativos para las personas que no pueden resolver sus problemas de erecci\u00f3n a pesar de la terapia con medicamentos u otros m\u00e9todos.<\/li>\n\n\n\n<li><strong>Aquellos que desean mejorar la calidad y la salud sexual:<\/strong> las personas que desean mejorar su salud sexual y su calidad de vida tambi\u00e9n pueden considerar la terapia de erecci\u00f3n.<\/li>\n\n\n\n<li><strong>Ancianos:<\/strong> El proceso de envejecimiento puede causar problemas de erecci\u00f3n. La terapia de erecci\u00f3n en personas mayores puede mejorar la calidad de vida.<\/li>\n<\/ol>\n\n\n\n<p>Es importante que las personas que experimentan problemas de erecci\u00f3n hablen con un profesional de la salud. El m\u00e9dico evaluar\u00e1 el historial m\u00e9dico del individuo, realizar\u00e1 un examen f\u00edsico y ofrecer\u00e1 la mejor soluci\u00f3n recomendando las opciones de tratamiento adecuadas. Debido a que la situaci\u00f3n de cada individuo es diferente, el plan de tratamiento debe personalizarse individualmente.<\/p>\n\n\n\n<h3 class=\"wp-block-heading\">\u00bfQu\u00e9 son los Procedimientos Previos al Tratamiento de la Erecci\u00f3n Masculina?<\/h3>\n\n\n\n<p>Para el tratamiento de la erecci\u00f3n masculina, es importante establecer el diagn\u00f3stico correcto y determinar el plan de tratamiento. Los procedimientos previos al tratamiento incluyen la evaluaci\u00f3n del estado de salud de la persona, la comprensi\u00f3n de las causas subyacentes y la determinaci\u00f3n de la opci\u00f3n de tratamiento m\u00e1s adecuada. Aqu\u00ed hay algunos procedimientos importantes antes del tratamiento de erecci\u00f3n masculina:<\/p>\n\n\n\n<ol class=\"wp-block-list\">\n<li><strong>Evaluaci\u00f3n del historial de salud:<\/strong> el profesional de la salud eval\u00faa los posibles factores de riesgo y los problemas de salud subyacentes mediante el examen del historial m\u00e9dico del paciente. Enfermedades como la diabetes, enfermedades del coraz\u00f3n, presi\u00f3n arterial alta pueden causar problemas de erecci\u00f3n.<\/li>\n\n\n\n<li><strong>Examen f\u00edsico:<\/strong> el m\u00e9dico eval\u00faa el estado de salud general del individuo y los posibles problemas relacionados con la salud sexual mediante la realizaci\u00f3n de un examen f\u00edsico. Se pueden examinar valores como el \u00edndice de masa corporal, la presi\u00f3n arterial, la frecuencia card\u00edaca.<\/li>\n\n\n\n<li><strong>Pruebas de laboratorio:<\/strong> se pueden usar an\u00e1lisis de sangre, niveles hormonales y otras pruebas m\u00e9dicas para identificar posibles problemas de salud o causas.<\/li>\n\n\n\n<li><strong>Evaluaci\u00f3n psicol\u00f3gica:<\/strong> se puede realizar una evaluaci\u00f3n psicol\u00f3gica para comprender si existen factores psicol\u00f3gicos subyacentes a la disfunci\u00f3n er\u00e9ctil (problema de erecci\u00f3n). Condiciones como el estr\u00e9s, la ansiedad y la depresi\u00f3n pueden causar problemas de erecci\u00f3n.<\/li>\n\n\n\n<li><strong>Evaluaci\u00f3n del Uso de Drogas:<\/strong> Las drogas usadas o usadas pueden causar problemas de erecci\u00f3n. Por lo tanto, es importante brindar informaci\u00f3n sobre los medicamentos que la persona est\u00e1 usando.<\/li>\n\n\n\n<li><strong>Evaluaci\u00f3n del estilo de vida:<\/strong> los factores de estilo de vida poco saludables (obesidad, tabaquismo, consumo de alcohol, etc.) pueden causar problemas de erecci\u00f3n. Por lo tanto, se eval\u00faan los h\u00e1bitos de vida y se pueden sugerir los cambios necesarios.<\/li>\n\n\n\n<li><strong>Comunicaci\u00f3n con el C\u00f3nyuge:<\/strong> La disfunci\u00f3n er\u00e9ctil puede afectar la relaci\u00f3n de pareja. El apoyo y la comprensi\u00f3n del c\u00f3nyuge son importantes en el proceso de tratamiento. Por esta raz\u00f3n, puede ser beneficioso comunicarse con el c\u00f3nyuge sobre el proceso de tratamiento.<\/li>\n\n\n\n<li><strong>Evaluaci\u00f3n de Opciones de Tratamiento:<\/strong> De acuerdo con los resultados de las evaluaciones preliminares, se determina la opci\u00f3n de tratamiento adecuada. Esto puede ser terapia con medicamentos, terapia con inyecciones, dispositivos de vac\u00edo, opciones quir\u00fargicas o psicoterapia.<\/li>\n<\/ol>\n\n\n\n<p>Antes de iniciar el tratamiento de la disfunci\u00f3n er\u00e9ctil, es importante realizar una valoraci\u00f3n detallada con un profesional sanitario y elegir la opci\u00f3n de tratamiento adecuada. Debido a que la situaci\u00f3n de cada individuo es diferente, el plan de tratamiento debe personalizarse individualmente.<\/p>\n\n\n\n<h3 class=\"wp-block-heading\">Proceso de Tratamiento Despu\u00e9s del Tratamiento de Erecci\u00f3n Masculina<\/h3>\n\n\n\n<p>El proceso de tratamiento despu\u00e9s del tratamiento de erecci\u00f3n masculina puede variar seg\u00fan el m\u00e9todo de tratamiento elegido y la respuesta del individuo. Pero en general, algunos puntos importantes a considerar despu\u00e9s del tratamiento son:<\/p>\n\n\n\n<ol class=\"wp-block-list\">\n<li><strong>Proceso de curaci\u00f3n:<\/strong> despu\u00e9s del tratamiento, es posible que su cuerpo necesite un proceso de curaci\u00f3n. Se debe esperar un cierto per\u00edodo de recuperaci\u00f3n, especialmente despu\u00e9s de procedimientos invasivos como m\u00e9todos quir\u00fargicos o terapia de inyecci\u00f3n.<\/li>\n\n\n\n<li><strong>Evaluaci\u00f3n de Efectos:<\/strong> Es importante evaluar los resultados y efectos del tratamiento. Debe compartir su progreso con su m\u00e9dico con respecto a la terapia con medicamentos u otros m\u00e9todos.<\/li>\n\n\n\n<li><strong>Si est\u00e1 tomando medicamentos:<\/strong> si est\u00e1 tomando medicamentos, es importante continuar us\u00e1ndolos en las dosis y con frecuencia recomendadas por su m\u00e9dico. Por lo general, los medicamentos deben tomarse de manera regular.<\/li>\n\n\n\n<li><strong>Controles de seguimiento:<\/strong> Los controles regulares despu\u00e9s del tratamiento ayudan a su m\u00e9dico a evaluar los efectos del tratamiento. Estos controles son importantes para detectar problemas potenciales en una etapa temprana y ajustar el plan de tratamiento.<\/li>\n\n\n\n<li><strong>Cambios en el estilo de vida:<\/strong> Mantener h\u00e1bitos de vida saludables despu\u00e9s del tratamiento puede ayudar a optimizar los efectos del tratamiento. Los cambios como hacer ejercicio, seguir una dieta equilibrada, limitar el consumo de tabaco y alcohol son importantes.<\/li>\n\n\n\n<li><strong>Apoyo Psicol\u00f3gico:<\/strong> Es importante brindar autoconfianza sexual y ajuste psicol\u00f3gico despu\u00e9s del tratamiento. Si los factores psicol\u00f3gicos previos al tratamiento (por ejemplo, estr\u00e9s o ansiedad) est\u00e1n afectando sus problemas de erecci\u00f3n, la psicoterapia o el asesoramiento pueden ser \u00fatiles.<\/li>\n\n\n\n<li><strong>Comunicaci\u00f3n con el C\u00f3nyuge:<\/strong> Mantener la comunicaci\u00f3n y compartir experiencias con su c\u00f3nyuge despu\u00e9s del tratamiento puede fortalecer su relaci\u00f3n. La comprensi\u00f3n y el apoyo de su pareja son importantes.<\/li>\n\n\n\n<li><strong>Efectos secundarios y complicaciones:<\/strong> es importante controlar los posibles efectos secundarios o complicaciones despu\u00e9s del tratamiento. Es importante que siga cuidadosamente las instrucciones que le d\u00e9 su m\u00e9dico y que se ponga en contacto con \u00e9l si siente alguna molestia.<\/li>\n<\/ol>\n\n\n\n<p>El proceso de tratamiento posterior al tratamiento puede variar seg\u00fan el m\u00e9todo elegido y las caracter\u00edsticas del individuo. Cuando tenga alguna pregunta o inquietud, lo mejor es comunicarse con su m\u00e9dico con respecto a su proceso de tratamiento.<\/p>\n","protected":false},"excerpt":{"rendered":"<p>\u00bfQu\u00e9 es el Tratamiento de la Erecci\u00f3n Masculina? La terapia de erecci\u00f3n masculina se refiere a los m\u00e9todos destinados a tratar la afecci\u00f3n, tambi\u00e9n conocida\u2026<\/p>\n","protected":false},"author":1,"featured_media":0,"parent":0,"menu_order":0,"comment_status":"closed","ping_status":"closed","template":"","meta":{"_themeisle_gutenberg_block_has_review":false,"footnotes":""},"class_list":["post-1619","page","type-page","status-publish","hentry"],"_links":{"self":[{"href":"https:\/\/www.ferumehealth.com\/es\/wp-json\/wp\/v2\/pages\/1619","targetHints":{"allow":["GET"]}}],"collection":[{"href":"https:\/\/www.ferumehealth.com\/es\/wp-json\/wp\/v2\/pages"}],"about":[{"href":"https:\/\/www.ferumehealth.com\/es\/wp-json\/wp\/v2\/types\/page"}],"author":[{"embeddable":true,"href":"https:\/\/www.ferumehealth.com\/es\/wp-json\/wp\/v2\/users\/1"}],"replies":[{"embeddable":true,"href":"https:\/\/www.ferumehealth.com\/es\/wp-json\/wp\/v2\/comments?post=1619"}],"version-history":[{"count":2,"href":"https:\/\/www.ferumehealth.com\/es\/wp-json\/wp\/v2\/pages\/1619\/revisions"}],"predecessor-version":[{"id":1798,"href":"https:\/\/www.ferumehealth.com\/es\/wp-json\/wp\/v2\/pages\/1619\/revisions\/1798"}],"wp:attachment":[{"href":"https:\/\/www.ferumehealth.com\/es\/wp-json\/wp\/v2\/media?parent=1619"}],"curies":[{"name":"wp","href":"https:\/\/api.w.org\/{rel}","templated":true}]}}