{"id":1647,"date":"2023-08-19T15:13:14","date_gmt":"2023-08-19T15:13:14","guid":{"rendered":"https:\/\/www.ferumehealth.com\/es\/?page_id=1647"},"modified":"2024-09-28T20:30:11","modified_gmt":"2024-09-28T20:30:11","slug":"tratamiento-de-la-incontinencia-urinaria","status":"publish","type":"page","link":"https:\/\/www.ferumehealth.com\/es\/tratamiento-de-la-incontinencia-urinaria\/","title":{"rendered":"Tratamiento de la Incontinencia Urinaria"},"content":{"rendered":"\n<div class=\"wp-block-columns is-layout-flex wp-container-core-columns-is-layout-1 wp-block-columns-is-layout-flex\">\n<div class=\"wp-block-column is-layout-flow wp-block-column-is-layout-flow\"><\/div>\n<\/div>\n\n\n\n<figure class=\"wp-block-image size-large is-resized\"><img loading=\"lazy\" decoding=\"async\" width=\"1024\" height=\"346\" src=\"https:\/\/www.ferumehealth.com\/es\/wp-content\/uploads\/2024\/09\/idrar-kacirma-isp-1024x346.jpg\" alt=\"\" class=\"wp-image-1807\" style=\"object-fit:contain;width:1520px;height:540px\" srcset=\"https:\/\/www.ferumehealth.com\/es\/wp-content\/uploads\/2024\/09\/idrar-kacirma-isp-1024x346.jpg 1024w, https:\/\/www.ferumehealth.com\/es\/wp-content\/uploads\/2024\/09\/idrar-kacirma-isp-300x101.jpg 300w, https:\/\/www.ferumehealth.com\/es\/wp-content\/uploads\/2024\/09\/idrar-kacirma-isp-768x260.jpg 768w, https:\/\/www.ferumehealth.com\/es\/wp-content\/uploads\/2024\/09\/idrar-kacirma-isp-370x125.jpg 370w, https:\/\/www.ferumehealth.com\/es\/wp-content\/uploads\/2024\/09\/idrar-kacirma-isp-760x257.jpg 760w, https:\/\/www.ferumehealth.com\/es\/wp-content\/uploads\/2024\/09\/idrar-kacirma-isp.jpg 1536w\" sizes=\"auto, (max-width: 1024px) 100vw, 1024px\" \/><\/figure>\n\n\n\n<h3 class=\"wp-block-heading\">\u00bfC\u00f3mo se trata la incontinencia urinaria?<\/h3>\n\n\n\n<p>La incontinencia urinaria se denomina m\u00e9dicamente \u201cincontinencia urinaria\u201d y puede deberse a diferentes causas.&nbsp;El tratamiento para la incontinencia urinaria puede variar seg\u00fan las causas subyacentes y la gravedad de los s\u00edntomas.&nbsp;Estos son algunos de los tratamientos comunes para la incontinencia urinaria:<\/p>\n\n\n\n<ol class=\"wp-block-list\">\n<li><strong>Tratamiento TVT (cinta vaginal sin tensi\u00f3n):<\/strong>\n<ul class=\"wp-block-list\">\n<li><strong>Preparaci\u00f3n:<\/strong>&nbsp;El paciente generalmente recibe anestesia local.&nbsp;Despu\u00e9s de la anestesia, se mantiene al paciente en un ambiente somnoliento.<\/li>\n\n\n\n<li><strong>Incisiones:<\/strong>&nbsp;Se realizan peque\u00f1as incisiones en la pared anterior de la vagina.&nbsp;Estas incisiones generalmente se hacen justo debajo de la entrada de la vagina.<\/li>\n\n\n\n<li><strong>Colocaci\u00f3n de cinta:<\/strong>&nbsp;Se coloca una cinta vaginal especial (cinta) desde las \u00e1reas cortadas, debajo de la vejiga y alrededor de la uretra.&nbsp;Esta tira se utiliza para sostener la uretra y prevenir la incontinencia urinaria.&nbsp;La tira se coloca seg\u00fan el principio &#8220;sin tensiones&#8221;, es decir, no se crea tensi\u00f3n.<\/li>\n\n\n\n<li><strong>Fijaci\u00f3n de la Tira:<\/strong>&nbsp;La tira se fija adecuadamente en las zonas donde se realizan las incisiones vaginales.&nbsp;Esta tira se utiliza para prevenir la incontinencia urinaria y dar soporte al suelo p\u00e9lvico.<\/li>\n\n\n\n<li><strong>Cierre de Incisiones:<\/strong>&nbsp;Las \u00e1reas cortadas se cierran con suturas u otros materiales quir\u00fargicos adecuados.<\/li>\n<\/ul>\n<\/li>\n\n\n\n<li><strong>Tratamiento TOT (cinta transobturadora):<\/strong>\n<ul class=\"wp-block-list\">\n<li><strong>Preparaci\u00f3n:<\/strong>&nbsp;Puede realizarse bajo anestesia local o general.&nbsp;Se garantiza el confort y la comodidad del paciente.<\/li>\n\n\n\n<li><strong>Incisiones:<\/strong>&nbsp;Se hacen peque\u00f1as incisiones en la parte inferior de la vagina y en la ingle.<\/li>\n\n\n\n<li><strong>Colocaci\u00f3n de cinta:<\/strong>&nbsp;Se coloca una cinta vaginal especial (cinta) debajo de la vejiga urinaria y alrededor de la uretra a partir de incisiones vaginales e inguinales.&nbsp;Esta tira se utiliza para sostener la uretra y prevenir la incontinencia.<\/li>\n\n\n\n<li><strong>Fijaci\u00f3n de la Tira:<\/strong>&nbsp;La tira se fija adecuadamente a trav\u00e9s de canales colocados en las zonas de la ingle.<\/li>\n\n\n\n<li><strong>Cierre de Incisiones:<\/strong>&nbsp;Las \u00e1reas cortadas se cierran con suturas o materiales similares.<\/li>\n<\/ul>\n<\/li>\n\n\n\n<li><strong>Cambios en el estilo de vida:<\/strong>\n<ul class=\"wp-block-list\">\n<li>Regular la ingesta de l\u00edquidos: el consumo excesivo de l\u00edquidos puede aumentar la cantidad de orina.&nbsp;Puede resultar \u00fatil limitar la ingesta de l\u00edquidos, especialmente a altas horas de la noche.<\/li>\n\n\n\n<li>Vaciar la orina con regularidad: puede reducir la presi\u00f3n sobre la vejiga vaciando la orina con frecuencia.<\/li>\n\n\n\n<li>Fortalecimiento de los m\u00fasculos del suelo p\u00e9lvico: los ejercicios que fortalecen los m\u00fasculos del suelo p\u00e9lvico pueden reducir los s\u00edntomas de la incontinencia urinaria.&nbsp;Para ello se utilizan los ejercicios de Kegel.<\/li>\n<\/ul>\n<\/li>\n\n\n\n<li><strong>Fisioterapia del suelo p\u00e9lvico:<\/strong>&nbsp;&nbsp;se pueden aplicar m\u00e9todos de fisioterapia para fortalecer los m\u00fasculos del suelo p\u00e9lvico y aumentar su coordinaci\u00f3n.&nbsp;Esto puede corregir la flacidez causada por la incontinencia.<\/li>\n\n\n\n<li><strong>Medicamentos:<\/strong>&nbsp;&nbsp;Su m\u00e9dico puede recomendarle medicamentos para aliviar o controlar los s\u00edntomas de la incontinencia urinaria.&nbsp;Estos medicamentos se pueden usar para fortalecer los m\u00fasculos de la vejiga o aumentar el control de la vejiga.<\/li>\n\n\n\n<li><strong>Intervenci\u00f3n quir\u00fargica:<\/strong>&nbsp;&nbsp;se puede considerar el tratamiento quir\u00fargico en casos m\u00e1s graves o cuando otras modalidades de tratamiento no han sido efectivas.&nbsp;Las opciones quir\u00fargicas pueden incluir cirug\u00eda con cabestrillo o aplicaciones de bandas en la vejiga.<\/li>\n\n\n\n<li><strong>Inyecciones de Botox:<\/strong>&nbsp;&nbsp;Las inyecciones de toxina botul\u00ednica (Botox) se pueden usar para aliviar los s\u00edntomas causados \u200b\u200bpor la incontinencia debido a la vejiga hiperactiva.<\/li>\n\n\n\n<li><strong>Electroestimulaci\u00f3n:<\/strong>&nbsp;&nbsp;La electroestimulaci\u00f3n es un m\u00e9todo de tratamiento que tiene como objetivo fortalecer los m\u00fasculos del suelo p\u00e9lvico estimul\u00e1ndolos.&nbsp;En ocasiones, esto puede mejorar los s\u00edntomas de la incontinencia urinaria.<\/li>\n<\/ol>\n\n\n\n<p>Las opciones de tratamiento pueden variar seg\u00fan la condici\u00f3n de la persona, la gravedad de los s\u00edntomas y las causas subyacentes.&nbsp;Si tiene incontinencia urinaria, es importante consultar a un profesional de la salud.&nbsp;Una vez realizado el diagn\u00f3stico correcto, tu m\u00e9dico te orientar\u00e1 para recomendarte el plan de tratamiento m\u00e1s adecuado.<\/p>\n\n\n\n<h3 class=\"wp-block-heading\">\u00bfCu\u00e1les son los m\u00e9todos de tratamiento de la incontinencia urinaria?<\/h3>\n\n\n\n<figure class=\"wp-block-image\"><img decoding=\"async\" src=\"https:\/\/www.ferumehealth.com\/tr\/wp-content\/uploads\/2023\/08\/tvt-tot.png\" alt=\"\" class=\"wp-image-1761\"\/><\/figure>\n\n\n\n<p>El tratamiento de la incontinencia urinaria puede implicar diferentes m\u00e9todos, seg\u00fan las causas subyacentes, la gravedad de los s\u00edntomas y la salud general del paciente.&nbsp;Estos son los m\u00e9todos comunes utilizados para tratar la incontinencia urinaria:<\/p>\n\n\n\n<ol class=\"wp-block-list\">\n<li><strong>M\u00e9todo TVT (cinta vaginal sin tensi\u00f3n):<\/strong>&nbsp;en este m\u00e9todo, su objetivo es sostener los m\u00fasculos alrededor de la uretra y prevenir la incontinencia urinaria mediante el uso de una cinta vaginal especial.&nbsp;El m\u00e9todo TVT generalmente se realiza en la pared anterior de la vagina.&nbsp;Los pasos de la operaci\u00f3n son los siguientes:\n<ul class=\"wp-block-list\">\n<li><strong>Anestesia:<\/strong>&nbsp;Generalmente se aplica anestesia local.&nbsp;El paciente est\u00e1 despierto, pero el \u00e1rea del procedimiento est\u00e1 anestesiada.<\/li>\n\n\n\n<li><strong>Incisiones:<\/strong>&nbsp;Se realizan peque\u00f1as incisiones en la pared anterior de la vagina.&nbsp;Estas incisiones suelen ubicarse justo debajo de la entrada vaginal.<\/li>\n\n\n\n<li><strong>Colocaci\u00f3n de la tira:<\/strong>&nbsp;se coloca una tira vaginal especial debajo de la vejiga urinaria y alrededor de la uretra desde las \u00e1reas cortadas.&nbsp;Esta tira recibe su nombre porque no tiene tensi\u00f3n.<\/li>\n\n\n\n<li><strong>Fijaci\u00f3n de la Tira:<\/strong>&nbsp;La tira se fija adecuadamente en las zonas donde se realizan las incisiones vaginales.&nbsp;Esto se hace para prevenir la incontinencia urinaria y apoyar el suelo p\u00e9lvico.<\/li>\n\n\n\n<li><strong>Cierre de Incisiones:<\/strong>&nbsp;Las \u00e1reas cortadas se cierran con suturas u otros materiales quir\u00fargicos adecuados.<\/li>\n<\/ul>\n<\/li>\n\n\n\n<li><strong>M\u00e9todo TOT (cinta transobturadora):<\/strong>&nbsp;en este m\u00e9todo, la vejiga y la uretra se sostienen mediante una tira vaginal, pero la tira se coloca pasando por el tracto urinario de una manera diferente.&nbsp;Los pasos de la operaci\u00f3n son los siguientes:\n<ul class=\"wp-block-list\">\n<li><strong>Anestesia:<\/strong>&nbsp;Se puede aplicar anestesia local o general.<\/li>\n\n\n\n<li><strong>Incisiones:<\/strong>&nbsp;Se realizan peque\u00f1as incisiones en la parte inferior de la vagina y en la ingle.<\/li>\n\n\n\n<li><strong>Inserci\u00f3n de la tira:<\/strong>&nbsp;se coloca una tira vaginal especial alrededor de la uretra, pasando a trav\u00e9s de las incisiones vaginales y de la ingle.&nbsp;Esta tira tambi\u00e9n recibe su nombre porque se coloca sin tensi\u00f3n (tension-free).<\/li>\n\n\n\n<li><strong>Fijaci\u00f3n de la Tira:<\/strong>&nbsp;La tira se fija adecuadamente a trav\u00e9s de canales colocados en las zonas de la ingle.<\/li>\n\n\n\n<li><strong>Cierre de Incisiones:<\/strong>&nbsp;Las \u00e1reas cortadas se cierran con suturas o materiales similares.<\/li>\n<\/ul>\n<\/li>\n\n\n\n<li><strong>Ejercicios del suelo p\u00e9lvico (Ejercicios de Kegel):<\/strong>&nbsp;&nbsp;Son ejercicios especialmente dise\u00f1ados para fortalecer los m\u00fasculos del suelo p\u00e9lvico.&nbsp;Estos m\u00fasculos juegan un papel importante en la retenci\u00f3n urinaria y el control de la vejiga.&nbsp;Los ejercicios de Kegel pueden reducir los s\u00edntomas de la incontinencia urinaria si se realizan con regularidad.<\/li>\n\n\n\n<li><strong>Entrenamiento de la vejiga:<\/strong>&nbsp;&nbsp;en este m\u00e9todo, aprendes a vaciar la orina a intervalos regulares.&nbsp;Al hacer esto, puede aumentar la capacidad de la vejiga y prevenir la incontinencia urinaria repentina.<\/li>\n\n\n\n<li><strong>Electroestimulaci\u00f3n (estimulaci\u00f3n el\u00e9ctrica):<\/strong>&nbsp;&nbsp;proporcionar estimulaci\u00f3n el\u00e9ctrica a los m\u00fasculos del suelo p\u00e9lvico a trav\u00e9s de dispositivos especiales puede ayudar a fortalecer estos m\u00fasculos.&nbsp;Puede resultar eficaz cuando lo gu\u00edan expertos.<\/li>\n\n\n\n<li><strong>Biorretroalimentaci\u00f3n:<\/strong>&nbsp;&nbsp;este m\u00e9todo utiliza dispositivos que miden ciertas funciones de su cuerpo (por ejemplo, la fuerza de contracci\u00f3n de los m\u00fasculos del piso p\u00e9lvico).&nbsp;De esta forma, podr\u00e1s comprender y controlar mejor las contracciones musculares correctas.<\/li>\n\n\n\n<li><strong>Medicamentos:<\/strong>&nbsp;&nbsp;Su m\u00e9dico puede recomendarle medicamentos para aliviar o controlar los s\u00edntomas de la incontinencia urinaria.&nbsp;Estos medicamentos se pueden usar para fortalecer los m\u00fasculos de la vejiga o aumentar el control de la vejiga.<\/li>\n\n\n\n<li><strong>Inyecciones de toxina botul\u00ednica (Botox):<\/strong>&nbsp;&nbsp;en casos de incontinencia urinaria debido a vejiga hiperactiva, se pueden usar inyecciones de toxina botul\u00ednica para reducir la contracci\u00f3n excesiva de los m\u00fasculos.<\/li>\n\n\n\n<li><strong>Tratamiento quir\u00fargico:<\/strong>&nbsp;&nbsp;Es posible que se requieran opciones quir\u00fargicas porque otros m\u00e9todos de tratamiento no son efectivos o debido a la gravedad de la afecci\u00f3n.&nbsp;Por ejemplo, la cirug\u00eda con cabestrillo o la aplicaci\u00f3n de bandas en la vejiga se encuentran entre los m\u00e9todos quir\u00fargicos utilizados en el tratamiento de la incontinencia urinaria.<\/li>\n\n\n\n<li><strong>Conos vaginales:<\/strong>&nbsp;&nbsp;en este m\u00e9todo, se utilizan conos con peso colocados dentro de la vagina para fortalecer los m\u00fasculos del suelo p\u00e9lvico.<\/li>\n\n\n\n<li><strong>Nutrici\u00f3n y regulaci\u00f3n de l\u00edquidos:<\/strong>&nbsp;&nbsp;Es importante controlar la ingesta de l\u00edquidos, especialmente para evitar la micci\u00f3n frecuente durante la noche regulando los h\u00e1bitos de micci\u00f3n.<\/li>\n<\/ol>\n\n\n\n<p>Es importante hablar con un profesional de la salud para determinar qu\u00e9 m\u00e9todo de tratamiento es mejor para usted.&nbsp;Su especialista evaluar\u00e1 sus s\u00edntomas y crear\u00e1 el plan de tratamiento adecuado.<\/p>\n\n\n\n<h3 class=\"wp-block-heading\">\u00bfPara qui\u00e9n es adecuado el tratamiento de la incontinencia urinaria?<\/h3>\n\n\n\n<p>El tratamiento de la incontinencia urinaria se puede aplicar a diferentes personas seg\u00fan la gravedad de los s\u00edntomas y las causas subyacentes.&nbsp;A continuaci\u00f3n se muestran algunos ejemplos de qui\u00e9nes pueden ser adecuados para el tratamiento de la incontinencia:<\/p>\n\n\n\n<ol class=\"wp-block-list\">\n<li><strong>Candidatos adecuados para el tratamiento TVT y TOT:<\/strong>\n<ul class=\"wp-block-list\">\n<li><strong>Incontinencia urinaria de esfuerzo:<\/strong>&nbsp;Tanto la terapia TVT como TOT son adecuadas para tratar la incontinencia urinaria de esfuerzo.&nbsp;En este tipo de incontinencia se produce la incontinencia urinaria con movimientos simples como re\u00edr, toser, estornudar o realizar actividad f\u00edsica.<\/li>\n\n\n\n<li><strong>Posparto natural:<\/strong>&nbsp;estos m\u00e9todos de tratamiento pueden considerarse para mujeres que tienen problemas de incontinencia urinaria posparto.&nbsp;Puede producirse incontinencia urinaria, especialmente si los m\u00fasculos del suelo p\u00e9lvico se lesionan durante el parto.<\/li>\n\n\n\n<li><strong>Problemas de soporte del suelo p\u00e9lvico:<\/strong>&nbsp;las personas que experimentan incontinencia urinaria debido a debilidad o flacidez de los m\u00fasculos del suelo p\u00e9lvico tambi\u00e9n pueden estar entre los candidatos al tratamiento.<\/li>\n\n\n\n<li><strong>Aquellos que no responden a los tratamientos conservadores:<\/strong>&nbsp;se pueden considerar opciones quir\u00fargicas para las personas que no responden o no prefieren los tratamientos conservadores, como los ejercicios de Kegel y el entrenamiento de la vejiga.<\/li>\n\n\n\n<li><strong>Salud general del paciente:<\/strong>&nbsp;Como ocurre con cualquier procedimiento quir\u00fargico, se debe considerar la salud general del paciente.&nbsp;La evaluaci\u00f3n de la idoneidad para la cirug\u00eda es importante.<\/li>\n<\/ul>\n<\/li>\n\n\n\n<li><strong>Candidatos no aptos para el tratamiento TVT y TOT:<\/strong>\n<ul class=\"wp-block-list\">\n<li><strong>Embarazo o embarazo planificado:<\/strong>&nbsp;estos tratamientos generalmente no se recomiendan para personas que est\u00e1n embarazadas o que planean un embarazo.<\/li>\n\n\n\n<li><strong>Problemas de salud graves:<\/strong>&nbsp;la cirug\u00eda puede ser riesgosa para quienes padecen enfermedades card\u00edacas graves, infecciones u otros problemas m\u00e9dicos.<\/li>\n\n\n\n<li><strong>Personas con un derrame cerebral:<\/strong>&nbsp;El riesgo de cirug\u00eda puede ser mayor, especialmente en personas que han tenido un derrame cerebral reciente o tienen problemas de presi\u00f3n arterial alta.<\/li>\n\n\n\n<li><strong>Problemas de coagulaci\u00f3n:<\/strong>&nbsp;las personas con problemas de coagulaci\u00f3n sangu\u00ednea pueden tener un mayor riesgo de sangrado despu\u00e9s de la cirug\u00eda.<\/li>\n<\/ul>\n<\/li>\n\n\n\n<li><strong>Personas con incontinencia urinaria de esfuerzo:<\/strong>&nbsp;&nbsp;La incontinencia urinaria de esfuerzo es la incontinencia urinaria durante actividades f\u00edsicas como estornudar, toser o re\u00edr.&nbsp;Puede ocurrir debido a la debilidad de los m\u00fasculos del suelo p\u00e9lvico.&nbsp;Para quienes experimentan este tipo de incontinencia urinaria, pueden ser apropiados m\u00e9todos como ejercicios del suelo p\u00e9lvico y entrenamiento de la vejiga.<\/li>\n\n\n\n<li><strong>Personas con vejiga hiperactiva (incontinencia urinaria urgente):<\/strong>&nbsp;&nbsp;la vejiga hiperactiva se caracteriza por una necesidad frecuente y repentina de orinar.&nbsp;Esta afecci\u00f3n puede deberse a una contracci\u00f3n excesiva de los m\u00fasculos de la vejiga.&nbsp;Para quienes padecen este tipo de incontinencia urinaria, se pueden considerar m\u00e9todos como la terapia farmacol\u00f3gica, las inyecciones de toxina botul\u00ednica o la electroestimulaci\u00f3n.<\/li>\n\n\n\n<li><strong>Personas con incontinencia urinaria mixta:<\/strong>&nbsp;&nbsp;la incontinencia urinaria mixta es una combinaci\u00f3n de estr\u00e9s y s\u00edntomas de vejiga hiperactiva.&nbsp;En este caso, el plan de tratamiento viene determinado por la direcci\u00f3n en la que predominan los s\u00edntomas.<\/li>\n\n\n\n<li><strong>Personas con incontinencia urinaria nocturna (Nocturia):<\/strong>&nbsp;&nbsp;La incontinencia nocturna es una afecci\u00f3n que provoca la necesidad de despertarse por la noche.&nbsp;Esto suele ocurrir en adultos mayores.&nbsp;Para controlar esta afecci\u00f3n se pueden utilizar el entrenamiento de la vejiga, la regulaci\u00f3n de la ingesta de l\u00edquidos y los ejercicios del suelo p\u00e9lvico.<\/li>\n\n\n\n<li><strong>Aquellos que necesitan cirug\u00eda:<\/strong>&nbsp;&nbsp;en algunos casos, es posible que se requiera cirug\u00eda cuando otros m\u00e9todos de tratamiento no son efectivos o debido a la gravedad de la afecci\u00f3n.&nbsp;En particular, se pueden considerar m\u00e9todos quir\u00fargicos como la cirug\u00eda de cabestrillo vesical o la aplicaci\u00f3n de bandas vesicales.<\/li>\n\n\n\n<li><strong>Personas con debilidad de los m\u00fasculos del suelo p\u00e9lvico:<\/strong>&nbsp;&nbsp;la debilidad de los m\u00fasculos del suelo p\u00e9lvico a menudo se asocia con afecciones como el embarazo, el parto o el envejecimiento.&nbsp;En este caso, los ejercicios del suelo p\u00e9lvico y los m\u00e9todos de fisioterapia pueden resultar beneficiosos.<\/li>\n<\/ol>\n\n\n\n<p>Recuerda que cada situaci\u00f3n es \u00fanica.&nbsp;Si tiene incontinencia urinaria, lo mejor ser\u00eda consultar a un profesional de la salud.&nbsp;Su m\u00e9dico puede evaluar sus s\u00edntomas y recomendarle el plan de tratamiento m\u00e1s adecuado para lograr el mejor resultado para usted.<\/p>\n\n\n\n<h3 class=\"wp-block-heading\">\u00bfCu\u00e1les son los procedimientos previos al tratamiento de la incontinencia urinaria?<\/h3>\n\n\n\n<p>Existen algunos procedimientos y m\u00e9todos previos al tratamiento para abordar el problema de la incontinencia urinaria (incontinencia urinaria).&nbsp;Estos m\u00e9todos se pueden utilizar para aliviar los s\u00edntomas y controlar la afecci\u00f3n.&nbsp;Estos son los m\u00e9todos de pretratamiento de la incontinencia urinaria:<\/p>\n\n\n\n<ol class=\"wp-block-list\">\n<li><strong>Cambios en el estilo de vida:<\/strong>\n<ul class=\"wp-block-list\">\n<li>Regular la ingesta de l\u00edquidos: el consumo excesivo de l\u00edquidos puede aumentar la cantidad de orina.&nbsp;Puede resultar \u00fatil limitar la ingesta de l\u00edquidos, especialmente a altas horas de la noche.<\/li>\n\n\n\n<li>Vaciar la orina con regularidad: puede reducir la presi\u00f3n sobre la vejiga vaciando la orina con frecuencia.<\/li>\n\n\n\n<li>Ajuste diet\u00e9tico: es importante limitar las sustancias que pueden aumentar la micci\u00f3n, como el alcohol, la cafe\u00edna y los refrescos.<\/li>\n\n\n\n<li>Prevenir el estre\u00f1imiento: El estre\u00f1imiento puede afectar los m\u00fasculos del suelo p\u00e9lvico, por lo que es importante defecar con regularidad.<\/li>\n<\/ul>\n<\/li>\n\n\n\n<li><strong>Ejercicios del suelo p\u00e9lvico (Ejercicios de Kegel):<\/strong>&nbsp;&nbsp;Son ejercicios que fortalecen los m\u00fasculos del suelo p\u00e9lvico.&nbsp;Estos m\u00fasculos son importantes para controlar la incontinencia urinaria.&nbsp;Los ejercicios de Kegel se pueden realizar con regularidad, fortaleciendo los m\u00fasculos y aumentando el control.<\/li>\n\n\n\n<li><strong>Entrenamiento de la vejiga:<\/strong>&nbsp;&nbsp;el entrenamiento de la vejiga implica aprender a vaciar la orina a intervalos regulares.&nbsp;Esto puede aumentar la capacidad de la vejiga y ayudar a prevenir la incontinencia urinaria.<\/li>\n\n\n\n<li><strong>Regulaci\u00f3n de la ingesta de l\u00edquidos:<\/strong>&nbsp;&nbsp;limitar la ingesta de l\u00edquidos, especialmente por la noche, puede reducir el riesgo de incontinencia urinaria nocturna.<\/li>\n\n\n\n<li><strong>Conos vaginales:<\/strong>&nbsp;&nbsp;Puede resultar \u00fatil utilizar conos vaginales para fortalecer los m\u00fasculos del suelo p\u00e9lvico.&nbsp;Estos conos se insertan en la vagina para fortalecer los m\u00fasculos del suelo p\u00e9lvico.<\/li>\n\n\n\n<li><strong>Biofeedback:<\/strong>&nbsp;&nbsp;Con el m\u00e9todo de biofeedback, aprendes la fuerza de contracci\u00f3n y el control de los m\u00fasculos del suelo p\u00e9lvico.&nbsp;Esto puede ayudar a comprender y fortalecer las contracciones musculares correctas.<\/li>\n\n\n\n<li><strong>Perder peso si tiene sobrepeso:<\/strong>&nbsp;&nbsp;Tener exceso de peso puede debilitar los m\u00fasculos del suelo p\u00e9lvico.&nbsp;Alcanzar un peso saludable puede aliviar los s\u00edntomas de la incontinencia urinaria.<\/li>\n<\/ol>\n\n\n\n<p>Estos m\u00e9todos de pretratamiento pueden reducir o controlar los s\u00edntomas en casos leves de incontinencia urinaria.&nbsp;Sin embargo, si sus s\u00edntomas son graves o afectan su calidad de vida, es importante consultar a un profesional de la salud y obtener asesoramiento de expertos.&nbsp;Su plan de tratamiento debe personalizarse seg\u00fan sus s\u00edntomas, afecci\u00f3n y necesidades.<\/p>\n\n\n\n<h3 class=\"wp-block-heading\"><br>Proceso de tratamiento posincontinencia urinaria<\/h3>\n\n\n\n<p>El proceso posterior al tratamiento de la incontinencia urinaria puede variar seg\u00fan el m\u00e9todo de tratamiento utilizado, la gravedad de los s\u00edntomas y el estado de salud general del paciente.&nbsp;Pero, en general, el proceso de tratamiento posterior a la incontinencia puede incluir los siguientes pasos:<\/p>\n\n\n\n<ol class=\"wp-block-list\">\n<li><strong>Efecto del tratamiento y recuperaci\u00f3n:<\/strong>&nbsp;&nbsp;Dependiendo del m\u00e9todo de tratamiento aplicado, el proceso de curaci\u00f3n puede variar.&nbsp;El efecto de la medicaci\u00f3n, los ejercicios del suelo p\u00e9lvico u otros m\u00e9todos se puede observar con el tiempo.&nbsp;El proceso de curaci\u00f3n es individual y puede diferir seg\u00fan la estructura corporal, la edad y la respuesta al tratamiento de la persona.<\/li>\n\n\n\n<li><strong>Seguimiento y controles:<\/strong>&nbsp;&nbsp;Su m\u00e9dico puede recomendarle controles peri\u00f3dicos para evaluar la eficacia del tratamiento y ajustarlo seg\u00fan sea necesario.&nbsp;En estos controles se eval\u00faan tus s\u00edntomas y salud general.<\/li>\n\n\n\n<li><strong>M\u00e9todos de tratamiento seguidos:<\/strong>&nbsp;&nbsp;El proceso de tratamiento puede incluir la aplicaci\u00f3n regular de ejercicios del suelo p\u00e9lvico u otros m\u00e9todos.&nbsp;Los ejercicios del suelo p\u00e9lvico, especialmente, deben realizarse de forma regular y continuada.<\/li>\n\n\n\n<li><strong>Mantener los cambios en el estilo de vida:<\/strong>&nbsp;&nbsp;continuar con los cambios en el estilo de vida despu\u00e9s del tratamiento puede ayudar a prevenir que los s\u00edntomas reaparezcan.&nbsp;Por ejemplo, es importante regular la ingesta de l\u00edquidos, prevenir el estre\u00f1imiento y mantener el control del peso.<\/li>\n\n\n\n<li><strong>Efectos del tratamiento a largo plazo:<\/strong>&nbsp;&nbsp;Los efectos a largo plazo del tratamiento pueden variar seg\u00fan el tipo de tratamiento.&nbsp;Algunos tratamientos brindan resultados permanentes, mientras que otros pueden ser tratamientos que deben repetirse con regularidad.<\/li>\n\n\n\n<li><strong>Seguir las recomendaciones del especialista:<\/strong>&nbsp;&nbsp;Seguir las recomendaciones e instrucciones de su m\u00e9dico y equipo de atenci\u00f3n m\u00e9dica es importante para el \u00e9xito del proceso post-tratamiento.&nbsp;Seguir el consejo de un experto puede ayudar a que el tratamiento tenga efecto y a progresar positivamente.<\/li>\n\n\n\n<li><strong>En caso de reaparici\u00f3n de los s\u00edntomas:<\/strong>&nbsp;&nbsp;Despu\u00e9s del tratamiento, es posible que experimente una reaparici\u00f3n de los s\u00edntomas.&nbsp;En este caso, es importante contactar inmediatamente a su m\u00e9dico y evaluar la situaci\u00f3n.&nbsp;Su plan de tratamiento se puede ajustar seg\u00fan sea necesario.<\/li>\n<\/ol>\n\n\n\n<p>Recuerda que la situaci\u00f3n de cada individuo es diferente y el proceso post-tratamiento tambi\u00e9n debe ser personalizado.&nbsp;Seguir los consejos del m\u00e9dico o profesional sanitario que dirige tu tratamiento te ayudar\u00e1 a conseguir los mejores resultados.<\/p>\n","protected":false},"excerpt":{"rendered":"<p>\u00bfC\u00f3mo se trata la incontinencia urinaria? La incontinencia urinaria se denomina m\u00e9dicamente \u201cincontinencia urinaria\u201d y puede deberse a diferentes causas.&nbsp;El tratamiento para la incontinencia urinaria\u2026<\/p>\n","protected":false},"author":1,"featured_media":0,"parent":0,"menu_order":0,"comment_status":"closed","ping_status":"closed","template":"","meta":{"_themeisle_gutenberg_block_has_review":false,"footnotes":""},"class_list":["post-1647","page","type-page","status-publish","hentry"],"_links":{"self":[{"href":"https:\/\/www.ferumehealth.com\/es\/wp-json\/wp\/v2\/pages\/1647","targetHints":{"allow":["GET"]}}],"collection":[{"href":"https:\/\/www.ferumehealth.com\/es\/wp-json\/wp\/v2\/pages"}],"about":[{"href":"https:\/\/www.ferumehealth.com\/es\/wp-json\/wp\/v2\/types\/page"}],"author":[{"embeddable":true,"href":"https:\/\/www.ferumehealth.com\/es\/wp-json\/wp\/v2\/users\/1"}],"replies":[{"embeddable":true,"href":"https:\/\/www.ferumehealth.com\/es\/wp-json\/wp\/v2\/comments?post=1647"}],"version-history":[{"count":4,"href":"https:\/\/www.ferumehealth.com\/es\/wp-json\/wp\/v2\/pages\/1647\/revisions"}],"predecessor-version":[{"id":1861,"href":"https:\/\/www.ferumehealth.com\/es\/wp-json\/wp\/v2\/pages\/1647\/revisions\/1861"}],"wp:attachment":[{"href":"https:\/\/www.ferumehealth.com\/es\/wp-json\/wp\/v2\/media?parent=1647"}],"curies":[{"name":"wp","href":"https:\/\/api.w.org\/{rel}","templated":true}]}}