{"id":85,"date":"2018-01-30T16:26:43","date_gmt":"2018-01-30T16:26:43","guid":{"rendered":"http:\/\/www.ferumehealth.com\/es\/?page_id=85"},"modified":"2025-07-03T09:45:08","modified_gmt":"2025-07-03T09:45:08","slug":"contactos","status":"publish","type":"page","link":"https:\/\/www.ferumehealth.com\/es\/contactos\/","title":{"rendered":"Contactos"},"content":{"rendered":"<div class=\"wpb-content-wrapper\"><p>[vc_row][vc_column icons_position=&#8221;left&#8221;][vc_empty_space alter_height=&#8221;large&#8221; hide_on_wide=&#8221;&#8221; hide_on_desktop=&#8221;&#8221; hide_on_notebook=&#8221;&#8221; hide_on_tablet=&#8221;&#8221; hide_on_mobile=&#8221;&#8221; css=&#8221;.vc_custom_1534858695530{margin-bottom: 1.3rem !important;}&#8221;]<div id=\"sc_title_264906558\"\n\t\tclass=\"sc_title sc_title_default\"><h2 class=\"sc_item_title sc_title_title sc_align_center sc_item_title_style_default\">Contacto<\/h2><h6 class=\"sc_item_subtitle sc_title_subtitle sc_align_center sc_item_title_style_default\">Encu\u00e9ntranos<\/h6><\/div><!-- \/.sc_title -->[vc_empty_space alter_height=&#8221;medium&#8221; hide_on_wide=&#8221;&#8221; hide_on_desktop=&#8221;&#8221; hide_on_notebook=&#8221;&#8221; hide_on_tablet=&#8221;&#8221; hide_on_mobile=&#8221;&#8221; css=&#8221;.vc_custom_1534858733218{margin-bottom: 2rem !important;}&#8221;]<div id=\"sc_icons_1541906376\" \n\tclass=\"sc_icons sc_icons_default sc_icons_size_small sc_align_center\"><div class=\"sc_icons_columns_wrap sc_item_columns trx_addons_columns_wrap columns_padding_bottom\"><div class=\"trx_addons_column-1_3\"><div class=\"sc_icons_item\"><div class=\"sc_icons_icon sc_icon_type_ icon-002_location\" style=\"color: #48bfe3\"><span class=\"sc_icon_type_ icon-002_location\" style=\"color: #48bfe3\"><\/span><\/div><h4 class=\"sc_icons_item_title\"><span>\u00dcsk\u00fcdar \/ \u0130stanbul <\/span><\/h4><div class=\"sc_icons_item_description\"><span>Sultantepe Mah. G\u00fcl Sok. Mimoza Apt. No: 11 \u0130\u00e7 Kap\u0131: 7 <\/span><\/div><\/div><\/div><div class=\"trx_addons_column-1_3\"><div class=\"sc_icons_item sc_icons_item_linked\"><div class=\"sc_icons_icon sc_icon_type_ icon-008_mail\" style=\"color: #48bfe3\"><span class=\"sc_icon_type_ icon-008_mail\" style=\"color: #48bfe3\"><\/span><\/div><h4 class=\"sc_icons_item_title\"><span>info@ferumed.com<\/span><a href=\"mailto:info@ferumed.com\"\n\t\t\t\t\tclass=\"sc_icons_item_link\"><\/a><\/h4><div class=\"sc_icons_item_description\"><span>Contacte con nosotros por correo<\/span><\/div><a href=\"mailto:info@ferumed.com\"\n\t\t\t\t\tclass=\"sc_icons_item_link\"><\/a><\/div><\/div><div class=\"trx_addons_column-1_3\"><div class=\"sc_icons_item sc_icons_item_linked\"><div class=\"sc_icons_icon sc_icon_type_ icon-007_phone\" style=\"color: #48bfe3\"><span class=\"sc_icon_type_ icon-007_phone\" style=\"color: #48bfe3\"><\/span><\/div><h4 class=\"sc_icons_item_title\"><span>+90 543 372 12 70<\/span><a href=\"tel:+905443721270\"\n\t\t\t\t\tclass=\"sc_icons_item_link\"><\/a><\/h4><div class=\"sc_icons_item_description\"><span>Asistencia en Directo 24\/7<\/span><\/div><a href=\"tel:+905443721270\"\n\t\t\t\t\tclass=\"sc_icons_item_link\"><\/a><\/div><\/div><\/div><\/div><!-- \/.sc_icons -->[vc_empty_space alter_height=&#8221;large&#8221; hide_on_wide=&#8221;&#8221; hide_on_desktop=&#8221;&#8221; hide_on_notebook=&#8221;&#8221; hide_on_tablet=&#8221;&#8221; hide_on_mobile=&#8221;&#8221; css=&#8221;.vc_custom_1534858818954{margin-bottom: -0.2rem !important;}&#8221;][\/vc_column][\/vc_row][vc_row full_width=&#8221;stretch_row&#8221; hide_bg_image_on_tablet=&#8221;&#8221; hide_bg_image_on_mobile=&#8221;&#8221; css=&#8221;.vc_custom_1517329369513{background-color: #eff3f6 !important;}&#8221;][vc_column width=&#8221;1\/6&#8243; icons_position=&#8221;left&#8221;][\/vc_column][vc_column width=&#8221;2\/3&#8243; hide_bg_image_on_tablet=&#8221;&#8221; hide_bg_image_on_mobile=&#8221;&#8221; icons_position=&#8221;left&#8221; el_class=&#8221;padd-4&#8243;][vc_empty_space alter_height=&#8221;large&#8221; hide_on_wide=&#8221;&#8221; hide_on_desktop=&#8221;&#8221; hide_on_notebook=&#8221;&#8221; hide_on_tablet=&#8221;&#8221; hide_on_mobile=&#8221;&#8221; css=&#8221;.vc_custom_1535617997036{margin-bottom: 0rem !important;}&#8221;]<div id=\"sc_title_416485336\"\n\t\tclass=\"sc_title sc_title_default  vc_custom_1661943184237\"><h2 class=\"sc_item_title sc_title_title sc_align_center sc_item_title_style_default sc_item_title_tag\">\u00bfTiene alguna pregunta?<\/h2><h6 class=\"sc_item_subtitle sc_title_subtitle sc_align_center sc_item_title_style_default\">Escriba una L\u00ednea<\/h6><\/div><!-- \/.sc_title -->[vc_single_image image=&#8221;1739&#8243; img_size=&#8221;30&#215;30&#8243; alignment=&#8221;center&#8221; css=&#8221;&#8221;][vc_column_text css=&#8221;&#8221;]<\/p>\n<p style=\"text-align: center;\"><a href=\"https:\/\/wa.me\/+905433721270\"><strong>+90 543 372 1270<\/strong><\/a><br \/>\n\u00a1Cont\u00e1ctanos por Whatsapp!<\/p>\n<p>[\/vc_column_text][vc_empty_space alter_height=&#8221;small&#8221; hide_on_wide=&#8221;&#8221; hide_on_desktop=&#8221;&#8221; hide_on_notebook=&#8221;&#8221; hide_on_tablet=&#8221;&#8221; hide_on_mobile=&#8221;&#8221; css=&#8221;.vc_custom_1743079572780{margin-bottom: 0rem !important;}&#8221;]<div  id=\"sc_socials_156966172\" \n\t\tclass=\"sc_socials sc_socials_default sc_align_center\"><div class=\"socials_wrap\"><a aria-label=\"social\" target=\"_blank\" href=\"https:\/\/www.instagram.com\/ferumehealth?igsh=MTVjYjdpa2NtdmMzZQ%3D%3D\" class=\"social_item social_item_style_icons sc_icon_type_icons social_item_type_icons\"><span class=\"social_icon social_icon_instagramm\"><span class=\"icon-instagramm\"><\/span><\/span><\/a><a aria-label=\"social\" target=\"_blank\" href=\"https:\/\/www.facebook.com\/profile.php?id=61554535131174\" class=\"social_item social_item_style_icons sc_icon_type_icons social_item_type_icons\"><span class=\"social_icon social_icon_facebook\"><span class=\"icon-facebook\"><\/span><\/span><\/a><\/div><!-- \/.socials_wrap --><\/div><!-- \/.sc_socials -->[vc_empty_space alter_height=&#8221;large&#8221; hide_on_wide=&#8221;&#8221; hide_on_desktop=&#8221;&#8221; hide_on_notebook=&#8221;&#8221; hide_on_tablet=&#8221;&#8221; hide_on_mobile=&#8221;&#8221; css=&#8221;.vc_custom_1535618000763{margin-bottom: 0rem !important;}&#8221;][\/vc_column][vc_column width=&#8221;1\/6&#8243; icons_position=&#8221;left&#8221;][\/vc_column][\/vc_row][vc_row full_width=&#8221;stretch_row_content_no_spaces&#8221;][vc_column icons_position=&#8221;left&#8221;]<div id=\"sc_googlemap_1697525290_wrap\" class=\"sc_googlemap_wrap\"><div id=\"sc_googlemap_1697525290\"\n\t\t\tclass=\"sc_googlemap sc_googlemap_default trx_addons_inline_298294398\"\n\t\t\t\t\t\tdata-zoom=\"13\"\n\t\t\tdata-center=\"\"\n\t\t\tdata-style=\"dark\"\n\t\t\tdata-cluster-icon=\"\"\n\t\t\t><iframe\n\t\t\t\t\tsrc=\"https:\/\/maps.google.com\/maps?t=m&output=embed&iwloc=near&z=13&q=Sultantepe+Mah.+G%C3%BCl+Sok.+Mimoza+Apt.+No%3A+11+%C4%B0%C3%A7+Kap%C4%B1%3A+7+%C3%9Csk%C3%BCdar%2F+%C4%B0stanbul+\"\n\t\t\t\t\tscrolling=\"no\"\n\t\t\t\t\tmarginheight=\"0\"\n\t\t\t\t\tmarginwidth=\"0\"\n\t\t\t\t\tframeborder=\"0\"\n\t\t\t\t\taria-label=\"\"><\/iframe><\/div><\/div><!-- \/.sc_googlemap_wrap -->[\/vc_column][\/vc_row]<\/p>\n<\/div>","protected":false},"excerpt":{"rendered":"<p>[vc_row][vc_column icons_position=&#8221;left&#8221;][vc_empty_space alter_height=&#8221;large&#8221; hide_on_wide=&#8221;&#8221; hide_on_desktop=&#8221;&#8221; hide_on_notebook=&#8221;&#8221; hide_on_tablet=&#8221;&#8221; hide_on_mobile=&#8221;&#8221; css=&#8221;.vc_custom_1534858695530{margin-bottom: 1.3rem !important;}&#8221;][vc_empty_space alter_height=&#8221;medium&#8221; hide_on_wide=&#8221;&#8221; hide_on_desktop=&#8221;&#8221; hide_on_notebook=&#8221;&#8221; hide_on_tablet=&#8221;&#8221; hide_on_mobile=&#8221;&#8221; css=&#8221;.vc_custom_1534858733218{margin-bottom: 2rem !important;}&#8221;][vc_empty_space alter_height=&#8221;large&#8221; hide_on_wide=&#8221;&#8221; hide_on_desktop=&#8221;&#8221; hide_on_notebook=&#8221;&#8221; hide_on_tablet=&#8221;&#8221;\u2026<\/p>\n","protected":false},"author":1,"featured_media":0,"parent":0,"menu_order":0,"comment_status":"closed","ping_status":"closed","template":"","meta":{"_themeisle_gutenberg_block_has_review":false,"footnotes":""},"class_list":["post-85","page","type-page","status-publish","hentry"],"_links":{"self":[{"href":"https:\/\/www.ferumehealth.com\/es\/wp-json\/wp\/v2\/pages\/85","targetHints":{"allow":["GET"]}}],"collection":[{"href":"https:\/\/www.ferumehealth.com\/es\/wp-json\/wp\/v2\/pages"}],"about":[{"href":"https:\/\/www.ferumehealth.com\/es\/wp-json\/wp\/v2\/types\/page"}],"author":[{"embeddable":true,"href":"https:\/\/www.ferumehealth.com\/es\/wp-json\/wp\/v2\/users\/1"}],"replies":[{"embeddable":true,"href":"https:\/\/www.ferumehealth.com\/es\/wp-json\/wp\/v2\/comments?post=85"}],"version-history":[{"count":21,"href":"https:\/\/www.ferumehealth.com\/es\/wp-json\/wp\/v2\/pages\/85\/revisions"}],"predecessor-version":[{"id":1914,"href":"https:\/\/www.ferumehealth.com\/es\/wp-json\/wp\/v2\/pages\/85\/revisions\/1914"}],"wp:attachment":[{"href":"https:\/\/www.ferumehealth.com\/es\/wp-json\/wp\/v2\/media?parent=85"}],"curies":[{"name":"wp","href":"https:\/\/api.w.org\/{rel}","templated":true}]}}