{"id":1567,"date":"2023-07-30T14:47:24","date_gmt":"2023-07-30T14:47:24","guid":{"rendered":"https:\/\/www.ferumehealth.com\/tr\/?page_id=1567"},"modified":"2024-09-28T21:16:10","modified_gmt":"2024-09-28T21:16:10","slug":"zirkonyum","status":"publish","type":"page","link":"https:\/\/www.ferumehealth.com\/tr\/zirkonyum\/","title":{"rendered":"Zirkonyum"},"content":{"rendered":"<div class=\"wpb-content-wrapper\"><p>[vc_row][vc_column icons_position=&#8221;left&#8221;][vc_column_text]<\/p>\n\n\n<div class=\"wp-block-columns is-layout-flex wp-container-core-columns-is-layout-1 wp-block-columns-is-layout-flex\">\n<div class=\"wp-block-column is-layout-flow wp-block-column-is-layout-flow\" style=\"flex-basis:100%\"><\/div>\n<\/div>\n\n\n\n<figure class=\"wp-block-image size-large is-resized\"><img loading=\"lazy\" decoding=\"async\" width=\"1024\" height=\"346\" src=\"https:\/\/www.ferumehealth.com\/tr\/wp-content\/uploads\/2024\/09\/Zirkonyum-tr-1-1024x346.jpg\" alt=\"\" class=\"wp-image-1954\" style=\"object-fit:contain;width:1540px;height:520px\" srcset=\"https:\/\/www.ferumehealth.com\/tr\/wp-content\/uploads\/2024\/09\/Zirkonyum-tr-1-1024x346.jpg 1024w, https:\/\/www.ferumehealth.com\/tr\/wp-content\/uploads\/2024\/09\/Zirkonyum-tr-1-300x101.jpg 300w, https:\/\/www.ferumehealth.com\/tr\/wp-content\/uploads\/2024\/09\/Zirkonyum-tr-1-768x260.jpg 768w, https:\/\/www.ferumehealth.com\/tr\/wp-content\/uploads\/2024\/09\/Zirkonyum-tr-1-370x125.jpg 370w, https:\/\/www.ferumehealth.com\/tr\/wp-content\/uploads\/2024\/09\/Zirkonyum-tr-1-760x257.jpg 760w, https:\/\/www.ferumehealth.com\/tr\/wp-content\/uploads\/2024\/09\/Zirkonyum-tr-1.jpg 1536w\" sizes=\"auto, (max-width: 1024px) 100vw, 1024px\" \/><\/figure>\n\n\n\n<h3 class=\"wp-block-heading\">Zirkonyum Tedavisi Nas\u0131l Yap\u0131l\u0131r?<\/h3>\n\n\n<p>\n\n\n<br \/>Zirkonyum tedavisi, di\u015f hekimli\u011finde estetik ve dayan\u0131kl\u0131 di\u015f restorasyonlar\u0131 i\u00e7in kullan\u0131lan bir y\u00f6ntemdir. Zirkonyum, porselen benzeri bir malzeme olarak di\u015f restorasyonlar\u0131nda kullan\u0131lmaktad\u0131r ve di\u015flerin do\u011fal rengine ve yap\u0131s\u0131na \u00e7ok yak\u0131n bir \u015fekilde uyum sa\u011flar. A\u015fa\u011f\u0131da zirkonyum tedavisinin nas\u0131l yap\u0131ld\u0131\u011f\u0131na dair genel bir a\u00e7\u0131klama bulunmaktad\u0131r:<\/p>\n\n\n\n<ol class=\"wp-block-list\">\n<li style=\"list-style-type: none;\">\n<ol>\n\n<\/p>\n<li><strong>Di\u015f muayenesi ve de\u011ferlendirmesi: <\/strong>Zirkonyum tedavisi i\u00e7in ilk ad\u0131m, di\u015f hekiminizin di\u015flerinizi muayene etmesi ve mevcut durumu de\u011ferlendirmesidir. Di\u015flerinizin durumu, eksik olan di\u015fleriniz varsa veya di\u015flerinizde \u00e7\u00fcr\u00fck, k\u0131r\u0131k veya a\u015f\u0131nma gibi problemler varsa belirlenir.<\/li>\n\n\n<li><strong>Di\u015f haz\u0131rl\u0131\u011f\u0131:<\/strong> Zirkonyum kaplamalar veya zirkonyum destekli porselen kronlar i\u00e7in di\u015f hekiminiz di\u015flerinizi haz\u0131rlayacakt\u0131r. Bu a\u015famada, di\u015flerinizin \u00fczerindeki k\u00fc\u00e7\u00fck bir tabaka (yakla\u015f\u0131k 0.5 mm) \u00e7\u0131kar\u0131l\u0131r. Bu, zirkonyum kaplaman\u0131n veya kronun uygun \u015fekilde oturmas\u0131n\u0131 sa\u011flar.<\/li>\n\n\n<li><strong>\u00d6l\u00e7\u00fc alma: <\/strong>Di\u015f hekiminiz, haz\u0131rlanan di\u015flerinizden hassas \u00f6l\u00e7\u00fcmler alacakt\u0131r. Bu \u00f6l\u00e7\u00fcmler, zirkonyum kaplaman\u0131z\u0131n veya kronunuzun \u00f6zel olarak sizin di\u015flerinize uygun olarak laboratuvarda \u00fcretilmesini sa\u011flar.<\/li>\n\n\n<li><strong>Ge\u00e7ici restorasyonlar:<\/strong> Zirkonyum kaplaman\u0131z veya kronunuz \u00fcretilirken, di\u015f hekiminiz ge\u00e7ici restorasyonlar uygulayabilir. Bu ge\u00e7ici restorasyonlar, di\u015flerinizin estetik ve fonksiyonel olarak d\u00fczg\u00fcn bir \u015fekilde kalmas\u0131n\u0131 sa\u011flar.<\/li>\n\n\n<li><strong>Zirkonyum restorasyonlar\u0131n\u0131n uygulanmas\u0131:<\/strong> Zirkonyum kaplamalar\u0131n\u0131z veya kronlar\u0131n\u0131z laboratuvarda haz\u0131rland\u0131ktan sonra, di\u015f hekiminiz bunlar\u0131 di\u015flerinize uygulayacakt\u0131r. Bu a\u015famada, zirkonyum restorasyonlar\u0131n\u0131z\u0131n renkleri ve uyumlar\u0131 kontrol edilir ve gerekti\u011finde son dokunu\u015flar yap\u0131l\u0131r.<\/li>\n\n\n<li><strong>Uygunlu\u011fun kontrol\u00fc:<\/strong> Zirkonyum restorasyonlar\u0131n\u0131z di\u015flerinize tam olarak oturup uydu\u011fundan emin olmak i\u00e7in di\u015f hekiminiz gerekli kontrolleri yapacakt\u0131r. Ayr\u0131ca, di\u015flerinizin \u0131s\u0131rma ve \u00e7i\u011fneme i\u015flevlerini do\u011fru bir \u015fekilde yerine getirdi\u011finden emin olunur.<\/li>\n<\/ol>\n<\/li>\n<\/ol>\n\n\n\n<p>\n\n\nZirkonyum tedavisi, g\u00fc\u00e7l\u00fc ve dayan\u0131kl\u0131 bir di\u015f restorasyonu sa\u011flamak i\u00e7in son derece pop\u00fcler bir y\u00f6ntemdir. Ayr\u0131ca, estetik a\u00e7\u0131dan da do\u011fal di\u015flerle uyumlu oldu\u011fu i\u00e7in tercih edilmektedir. Ancak, tedavi s\u00fcreci hastan\u0131n durumuna ve ihtiya\u00e7lar\u0131na ba\u011fl\u0131 olarak farkl\u0131l\u0131k g\u00f6sterebilir. Di\u015f hekiminiz size en uygun tedavi plan\u0131n\u0131 belirleyecektir.<\/p>\n\n\n\n<h3 class=\"wp-block-heading\">Zirkonyum Y\u00f6ntemleri Nelerdir?<\/h3>\n\n\n<p>\n\n\nZirkonya olarak da bilinen zirkonyum, \u00e7e\u015fitli di\u015f restorasyonlar\u0131nda kullan\u0131lan \u00e7ok y\u00f6nl\u00fc bir malzemedir.\u00a0Zirkonyum restorasyonlar\u0131n yap\u0131m\u0131nda ve yerle\u015ftirilmesinde farkl\u0131 y\u00f6ntemler veya teknikler vard\u0131r.\u00a0\u0130\u015fte birka\u00e7 yayg\u0131n y\u00f6ntem:<\/p>\n\n\n\n<ol class=\"wp-block-list\">\n<li style=\"list-style-type: none;\">\n<ol>\n\n<\/p>\n<li><strong>CAD\/CAM Teknolojisi:\u00a0<\/strong>\u00a0Bilgisayar destekli tasar\u0131m ve bilgisayar destekli imalat (CAD\/CAM) teknolojisi, zirkonyum restorasyonlar\u0131n \u00fcretiminde yayg\u0131n olarak kullan\u0131lmaktad\u0131r.\u00a0Son derece hassas ve ki\u015fiye \u00f6zel restorasyonlar olu\u015fturmak i\u00e7in \u00f6zel yaz\u0131l\u0131m ve freze makinelerinin kullan\u0131m\u0131n\u0131 i\u00e7erir.\u00a0CAD\/CAM ile hastan\u0131n di\u015flerinin dijital g\u00f6r\u00fcnt\u00fcs\u00fc al\u0131n\u0131r ve bilgisayar ekran\u0131nda zirkonyum restorasyon tasarlan\u0131r.\u00a0Tasar\u0131m verileri daha sonra zirkonyum blo\u011fu istenen \u015fekle sokan bir freze makinesine g\u00f6nderilir.<\/li>\n\n\n<li><strong>Katmanl\u0131 Zirkonya:\u00a0<\/strong>\u00a0Katmanl\u0131 zirkonya restorasyonlar, zirkonya altyap\u0131lar\u0131 porselen veya seramik malzeme katmanlar\u0131yla birle\u015ftirir.\u00a0Zirkon alt yap\u0131 sa\u011flaml\u0131k ve dayan\u0131kl\u0131l\u0131k sa\u011flarken, katmanl\u0131 porselen daha do\u011fal ve estetik bir g\u00f6r\u00fcn\u00fcm sa\u011flar.\u00a0Bu y\u00f6ntem, geli\u015fmi\u015f ki\u015fiselle\u015ftirme sa\u011flar ve esteti\u011fin \u00e7ok \u00f6nemli oldu\u011fu \u00f6n di\u015f restorasyonlar\u0131nda kullan\u0131labilir.<\/li>\n\n\n<li><strong>Monolitik Zirkonya:\u00a0<\/strong>\u00a0Monolitik zirkonya restorasyonlar, ek porselen veya seramik katmanlar\u0131na ihtiya\u00e7 duyulmadan tamamen zirkonya malzemeden yap\u0131l\u0131r.\u00a0Bu restorasyonlar son derece dayan\u0131kl\u0131d\u0131r ve ufalanmaya veya \u00e7atlamaya kar\u015f\u0131 dayan\u0131kl\u0131d\u0131r.\u00a0Monolitik zirkonya, g\u00fc\u00e7 ve i\u015flevin birincil hususlar oldu\u011fu arka di\u015f restorasyonlar\u0131nda yayg\u0131n olarak kullan\u0131l\u0131r.<\/li>\n\n\n<li><strong>Dijital Renk E\u015fle\u015ftirme:<\/strong>\u00a0\u00a0Zirkonyum restorasyonlar, hastan\u0131n do\u011fal di\u015flerinin rengine ve rengine uyacak \u015fekilde \u00fcretilebilir.\u00a0Dijital renk e\u015fle\u015ftirme teknolojisi, genellikle \u00e7evredeki di\u015flerin hassas rengini yakalamak i\u00e7in kullan\u0131l\u0131r ve kusursuz ve do\u011fal g\u00f6r\u00fcn\u00fcml\u00fc bir restorasyon sa\u011flar.<\/li>\n\n\n<li><strong>\u00d6zelle\u015ftirme ve Karakterizasyon:\u00a0<\/strong>\u00a0Nitelikli di\u015f teknisyenleri, do\u011fal di\u015fleri taklit etmek i\u00e7in doku, yar\u0131 saydaml\u0131k ve y\u00fczey \u00f6zellikleri ekleyerek zirkonyum restorasyonlar\u0131 \u00f6zelle\u015ftirebilir.\u00a0Bu ki\u015fiselle\u015ftirme s\u00fcreci, sanatsal teknikleri ve \u00f6zel boya ve s\u0131rlar\u0131n uygulanmas\u0131n\u0131 i\u00e7erir.<\/li>\n<\/ol>\n<\/li>\n<\/ol>\n\n\n\n<p>\n\n\nZirkonyum restorasyonlar i\u00e7in kullan\u0131lan spesifik y\u00f6ntemin, vakan\u0131n karma\u015f\u0131kl\u0131\u011f\u0131na, di\u015f hekiminin uzmanl\u0131\u011f\u0131na ve hastan\u0131n \u00f6zel ihtiya\u00e7 ve tercihlerine ba\u011fl\u0131 olarak de\u011fi\u015febilece\u011fini unutmamak \u00f6nemlidir.\u00a0Di\u015f hekiminiz veya protez uzman\u0131n\u0131z bireysel durumunuza en uygun y\u00f6ntemi belirleyecek ve tedavi se\u00e7eneklerini sizinle g\u00f6r\u00fc\u015fecektir.<\/p>\n\n\n\n<h3 class=\"wp-block-heading\">Zirkonyum Kimler \u0130\u00e7in Uygundur?<\/h3>\n\n\n<p>\n\n\nZirkonya olarak da bilinen zirkonyum, di\u015f restorasyonuna ihtiya\u00e7 duyan \u00e7e\u015fitli ki\u015filer i\u00e7in uygun bir di\u015f malzemesidir.\u00a0Zirkonyum restorasyonlar\u0131n uygun kabul edilebilece\u011fi baz\u0131 senaryolar \u015funlard\u0131r:<\/p>\n\n\n\n<ol class=\"wp-block-list\">\n<li style=\"list-style-type: none;\">\n<ol>\n\n<\/p>\n<li><strong>Di\u015f Hasar\u0131 veya \u00c7\u00fcr\u00fcmesi:<\/strong>\u00a0\u00a0Kuron veya k\u00f6pr\u00fc gibi zirkonyum restorasyonlar, dolgu veya yap\u0131\u015ft\u0131rma gibi daha konservatif tedavilerle tamir edilemeyen hasarl\u0131 veya \u00e7\u00fcr\u00fcm\u00fc\u015f di\u015fleri olan ki\u015filer i\u00e7in uygundur.<\/li>\n\n\n<li><strong>\u00c7atlak veya K\u0131r\u0131k Di\u015fler:<\/strong>\u00a0\u00a0K\u0131r\u0131k veya k\u0131r\u0131k bir di\u015finiz varsa, zirkonyum restorasyonlar di\u015fin i\u015flevselli\u011fini ve g\u00f6r\u00fcn\u00fcm\u00fcn\u00fc eski haline getirmek i\u00e7in g\u00fc\u00e7l\u00fc ve kal\u0131c\u0131 bir \u00e7\u00f6z\u00fcm sa\u011flayabilir.<\/li>\n\n\n<li><strong>Eksik Di\u015f:\u00a0<\/strong>\u00a0Zirkonyum dental implant restorasyonlar\u0131nda kullan\u0131labilir.\u00a0Bir veya daha fazla eksik di\u015finiz varsa ve di\u015f implantlar\u0131n\u0131 d\u00fc\u015f\u00fcn\u00fcyorsan\u0131z, zirkonyum restorasyonlar biyouyumluluk, dayan\u0131kl\u0131l\u0131k ve estetik a\u00e7\u0131dan m\u00fckemmel bir se\u00e7im olabilir.<\/li>\n\n\n<li><strong>Alerjiler veya Hassasiyetler:<\/strong>\u00a0\u00a0Zirkonyum, nikel veya di\u011fer baz metaller gibi di\u015f restorasyonlar\u0131nda yayg\u0131n olarak kullan\u0131lan di\u011fer metallere kar\u015f\u0131 alerjisi veya duyarl\u0131l\u0131\u011f\u0131 olan ki\u015filer i\u00e7in uygun olan biyouyumlu bir malzemedir.<\/li>\n\n\n<li><strong>Estetik Endi\u015feler:\u00a0<\/strong>\u00a0Zirkonyum restorasyonlar m\u00fckemmel estetik sunar ve mevcut di\u015flerinizin do\u011fal rengine, \u015feffafl\u0131\u011f\u0131na ve g\u00f6r\u00fcn\u00fcm\u00fcne \u00e7ok yak\u0131n olabilir.\u00a0Do\u011fal g\u00f6r\u00fcn\u00fcml\u00fc ve \u00e7ekici di\u015f restorasyonlar\u0131 isteyen ki\u015filer i\u00e7in uygundur.<\/li>\n\n\n<li><strong>Bruksizm (Di\u015f G\u0131c\u0131rdatma):\u00a0<\/strong>\u00a0Zirkonyum restorasyonlar a\u015f\u0131nmaya kar\u015f\u0131 olduk\u00e7a dayan\u0131kl\u0131d\u0131r ve bruksizm (di\u015f g\u0131c\u0131rdatma) ya da di\u015f s\u0131kma al\u0131\u015fkanl\u0131\u011f\u0131 olan bireylerin uygulad\u0131\u011f\u0131 kuvvetlere dayanabilir.\u00a0Bu nedenle, di\u015f restorasyonu gerektiren bruksizmli bireyler i\u00e7in uygundurlar.<\/li>\n\n\n<li><strong>Metal \u0130\u00e7ermeyen Restorasyonlar:<\/strong>\u00a0\u00a0Baz\u0131 ki\u015filer, ki\u015fisel veya sa\u011fl\u0131kla ilgili nedenlerle metal i\u00e7ermeyen di\u015f restorasyonlar\u0131n\u0131 tercih eder.\u00a0Zirkonyum restorasyonlar, metal bazl\u0131 restorasyonlara bir alternatif sunarak metal i\u00e7ermeyen bir se\u00e7ene\u011fi tercih eden bireyler i\u00e7in uygun hale getirir.<\/li>\n<\/ol>\n<\/li>\n<\/ol>\n\n\n\n<p>\n\n\n\u00d6zel durumunuz i\u00e7in zirkonyum restorasyonlar\u0131n uygunlu\u011funu belirlemek i\u00e7in kalifiye bir di\u015f hekimi veya protez uzman\u0131na dan\u0131\u015fman\u0131z \u00f6nemlidir.\u00a0Di\u015f hekiminiz di\u015f durumunuzu de\u011ferlendirecek, hedeflerinizi ve beklentilerinizi tart\u0131\u015facak ve sizin i\u00e7in en uygun tedavi se\u00e7ene\u011fini \u00f6nerecektir.<\/p>\n\n\n\n<h3 class=\"wp-block-heading\">Zirkonyum \u00d6n Tedavi \u0130\u015flemleri Nelerdir?<\/h3>\n\n\n<p>\n\n\nZirkonyum restorasyonlar i\u00e7in \u00f6n tedavi prosed\u00fcr\u00fc, \u00f6zel duruma ve bireyin di\u015f ihtiya\u00e7lar\u0131na g\u00f6re de\u011fi\u015febilir.\u00a0Bununla birlikte, zirkonyum restorasyonlar i\u00e7in \u00f6n i\u015flem s\u00fcrecinde tipik olarak yer alan baz\u0131 genel ad\u0131mlar \u015funlard\u0131r:<\/p>\n\n\n\n<ol class=\"wp-block-list\">\n<li style=\"list-style-type: none;\">\n<ol>\n\n<\/p>\n<li><strong>Kons\u00fcltasyon ve Muayene:\u00a0<\/strong>\u00a0\u0130lk ad\u0131m, zirkonyum restorasyonlar\u0131nda deneyimli bir di\u015f hekimi veya protez uzman\u0131 ile kons\u00fcltasyon randevusu almakt\u0131r.\u00a0Bu randevu s\u0131ras\u0131nda di\u015f hekimi di\u015f durumunuzu de\u011ferlendirecek, endi\u015felerinizi ve hedeflerinizi tart\u0131\u015facak ve zirkonyum restorasyonlar\u0131n sizin i\u00e7in uygun olup olmad\u0131\u011f\u0131na karar verecektir.\u00a0Di\u015f sorunlar\u0131n\u0131n boyutunu de\u011ferlendirmek i\u00e7in di\u015flerinizin r\u00f6ntgenini veya dijital taramalar\u0131n\u0131 da alabilirler.<\/li>\n\n\n<li><strong>Tedavi Planlamas\u0131:<\/strong>\u00a0\u00a0\u0130lk muayeneden sonra di\u015f hekimi, \u00f6zel ihtiya\u00e7lar\u0131n\u0131za g\u00f6re haz\u0131rlanm\u0131\u015f kapsaml\u0131 bir tedavi plan\u0131 geli\u015ftirecektir.\u00a0Zirkonyum restorasyon tipi (kuronlar, k\u00f6pr\u00fcler veya implant destekli restorasyonlar gibi) ve dahil olan di\u015f say\u0131s\u0131 da dahil olmak \u00fczere mevcut \u00e7e\u015fitli se\u00e7enekleri tart\u0131\u015facaklar.<\/li>\n\n\n<li><strong>Di\u015f Haz\u0131rl\u0131\u011f\u0131:<\/strong>\u00a0\u00a0Zirkonyum kron veya k\u00f6pr\u00fclere ihtiyac\u0131n\u0131z varsa, etkilenen di\u015flerin haz\u0131rlanmas\u0131 gerekecektir.\u00a0Di\u015f haz\u0131rl\u0131\u011f\u0131, zirkonyum restorasyonu i\u00e7in alan yaratmak \u00fczere az miktarda di\u015f yap\u0131s\u0131n\u0131n \u00e7\u0131kar\u0131lmas\u0131n\u0131 i\u00e7erir.\u00a0Di\u015f k\u00fc\u00e7\u00fcltme miktar\u0131, \u00f6zel duruma ve yerle\u015ftirilen restorasyonun t\u00fcr\u00fcne ba\u011fl\u0131 olacakt\u0131r.\u00a0\u0130\u015flem s\u0131ras\u0131nda rahat\u0131n\u0131z i\u00e7in lokal anestezi kullan\u0131labilir.<\/li>\n\n\n<li><strong>Di\u015f \u00d6l\u00e7\u00fcleri:<\/strong>\u00a0\u00a0Di\u015f haz\u0131rl\u0131\u011f\u0131 tamamland\u0131ktan sonra, haz\u0131rlanan di\u015flerinizin \u00f6l\u00e7\u00fcleri al\u0131nacakt\u0131r.\u00a0Bu \u00f6l\u00e7\u00fcler, di\u015flerinizin tam \u015feklini ve boyutunu yakalar ve zirkonyum restorasyonlar\u0131n \u00fcretimi i\u00e7in bir kal\u0131p g\u00f6revi g\u00f6r\u00fcr.\u00a0\u00d6l\u00e7\u00fcler, geleneksel di\u015f macunu veya dijital tarama teknolojisi kullan\u0131larak yap\u0131labilir.<\/li>\n\n\n<li><strong>Renk Se\u00e7imi:\u00a0<\/strong>\u00a0\u00d6n tedavi a\u015famas\u0131nda ayr\u0131ca zirkonyum restorasyonlar\u0131n\u0131z\u0131n istedi\u011finiz renk ve tonunu se\u00e7me \u015fans\u0131na sahip olacaks\u0131n\u0131z.\u00a0Di\u015f hekiminiz, do\u011fal di\u015finizin rengi ve ki\u015fisel tercihleriniz gibi fakt\u00f6rleri g\u00f6z \u00f6n\u00fcnde bulundurarak renk se\u00e7imi s\u00fcrecinde size rehberlik edecektir.<\/li>\n\n\n<li><strong>Ge\u00e7ici Restorasyonlar:<\/strong>\u00a0\u00a0Baz\u0131 durumlarda kal\u0131c\u0131 zirkonyum restorasyonlar yap\u0131l\u0131rken haz\u0131rlad\u0131\u011f\u0131n\u0131z di\u015flerin \u00fczerine ge\u00e7ici restorasyonlar yerle\u015ftirilebilir.\u00a0Bu ge\u00e7iciler, son restorasyonlar haz\u0131r olana kadar haz\u0131rlanan di\u015fleri korur, estetik ve fonksiyonlar\u0131n\u0131 korurlar.<\/li>\n<\/ol>\n<\/li>\n<\/ol>\n\n\n\n<p>\n\n\nZirkonyum restorasyonlar i\u00e7in spesifik \u00f6n tedavi prosed\u00fcr\u00fcn\u00fcn bireysel vakaya ve di\u015f hekiminin yakla\u015f\u0131m\u0131na ba\u011fl\u0131 olarak de\u011fi\u015febilece\u011fini unutmamak \u00f6nemlidir.\u00a0Di\u015f hekiminiz, prosed\u00fcr\u00fcn sonraki a\u015famalar\u0131na iyi haz\u0131rland\u0131\u011f\u0131n\u0131zdan emin olmak i\u00e7in tedavi plan\u0131n\u0131za \u00f6zel ayr\u0131nt\u0131l\u0131 talimatlar ve bilgiler sa\u011flayacakt\u0131r.<\/p>\n\n\n\n<h3 class=\"wp-block-heading\">Zirkonyum Sonras\u0131 Tedavi S\u00fcreci<\/h3>\n\n\n<p>\n\n\nKron, k\u00f6pr\u00fc veya implant destekli restorasyonlar gibi dental zirkonyum restorasyonlar\u0131n yerle\u015ftirilmesinden sonra, tedavi sonras\u0131 s\u00fcre\u00e7te yer alan belirli ad\u0131mlar vard\u0131r.\u00a0Dental zirkonyum sonras\u0131 tedavi s\u00fcrecinin baz\u0131 ortak y\u00f6nleri \u015funlard\u0131r:<\/p>\n\n\n\n<ol class=\"wp-block-list\">\n<li style=\"list-style-type: none;\">\n<ol>\n\n<\/p>\n<li><strong>Uyumun Sonland\u0131r\u0131lmas\u0131 ve Estetik:\u00a0<\/strong>\u00a0Zirkonyum restorasyonlar \u00fcretildikten sonra uyum, konfor ve estetik a\u00e7\u0131s\u0131ndan kontrol edilecektir.\u00a0Di\u015f hekiminiz, restorasyonlar\u0131n \u0131s\u0131rman\u0131za uygun \u015fekilde hizalanmas\u0131n\u0131 ve \u00e7evre di\u015flerinizle do\u011fal ve uyumlu g\u00f6r\u00fcnmesini sa\u011flayacakt\u0131r.\u00a0\u0130stenen sonucu elde etmek i\u00e7in gerekli t\u00fcm ayarlamalar yap\u0131lacakt\u0131r.<\/li>\n\n\n<li><strong>Simantasyon veya Bonding:\u00a0<\/strong>\u00a0Zirkonyum restorasyonlar, haz\u0131rlanm\u0131\u015f di\u015flerinize kal\u0131c\u0131 olarak simante edilecek veya yap\u0131\u015ft\u0131r\u0131lacakt\u0131r.\u00a0Di\u015f hekiminiz restorasyonlar\u0131 yerinde sabitlemek i\u00e7in dental yap\u0131\u015ft\u0131r\u0131c\u0131 veya siman kullanacakt\u0131r.\u00a0Spesifik yap\u0131\u015ft\u0131rma y\u00f6ntemi, restorasyonun t\u00fcr\u00fcne ve di\u015f hekiminin tercihine ba\u011fl\u0131 olacakt\u0131r.<\/li>\n\n\n<li><strong>Okl\u00fczyon ve Is\u0131rma Ayar\u0131:\u00a0<\/strong>\u00a0Di\u015f hekiminiz, zirkonyum restorasyonlar\u0131n \u0131s\u0131rd\u0131\u011f\u0131n\u0131zda veya \u00e7i\u011fnerken herhangi bir parazite veya rahats\u0131zl\u0131\u011fa neden olmad\u0131\u011f\u0131ndan emin olmak i\u00e7in \u0131s\u0131rman\u0131z\u0131 (okl\u00fczyon) de\u011ferlendirecektir.\u00a0Gerekirse, dengeli ve rahat bir \u0131s\u0131r\u0131k elde etmek i\u00e7in k\u00fc\u00e7\u00fck ayarlamalar yap\u0131labilir.<\/li>\n\n\n<li><strong>A\u011f\u0131z Hijyeni Talimatlar\u0131:\u00a0<\/strong>\u00a0Zirkonyum restorasyonlar\u0131n\u0131z\u0131n \u00f6mr\u00fcn\u00fc ve sa\u011fl\u0131\u011f\u0131n\u0131 korumak i\u00e7in uygun a\u011f\u0131z hijyeni \u00e7ok \u00f6nemlidir.\u00a0Di\u015f hekiminiz, f\u0131r\u00e7alama teknikleri, di\u015f ipi kullan\u0131m\u0131 ve ek a\u011f\u0131z hijyeni yard\u0131mc\u0131lar\u0131n\u0131n kullan\u0131m\u0131 da dahil olmak \u00fczere yeni restorasyonlar\u0131n\u0131z\u0131n bak\u0131m\u0131n\u0131 nas\u0131l yapaca\u011f\u0131n\u0131z konusunda size ayr\u0131nt\u0131l\u0131 talimatlar sa\u011flayacakt\u0131r.\u00a0Restorasyonlar\u0131n\u0131z\u0131n durumunu izlemek ve a\u011f\u0131z dokular\u0131n\u0131z\u0131n genel sa\u011fl\u0131\u011f\u0131n\u0131 sa\u011flamak i\u00e7in d\u00fczenli di\u015f muayeneleri ve temizlikleri de \u00f6nerilecektir.<\/li>\n\n\n<li><strong>Takip Randevular\u0131:<\/strong>\u00a0\u00a0Zirkonyum restorasyonlar\u0131n\u0131z\u0131n ilk yerle\u015fiminden sonra, ilerlemenizi de\u011ferlendirmek ve sahip olabilece\u011finiz endi\u015feleri gidermek i\u00e7in takip randevular\u0131 planlanacakt\u0131r.\u00a0Bu randevular, di\u015f hekiminizin restorasyonlar\u0131n stabilitesini ve performans\u0131n\u0131 izlemesine ve gerekirse gerekli ayarlamalar\u0131 yapmas\u0131na olanak tan\u0131r.<\/li>\n<\/ol>\n<\/li>\n<\/ol>\n\n\n\n<p>\n\n\nZirkonyum restorasyonlar\u0131n\u0131z\u0131n uzun \u00f6m\u00fcrl\u00fc ve ba\u015far\u0131l\u0131 olmas\u0131n\u0131 sa\u011flamak i\u00e7in di\u015f hekiminizin talimatlar\u0131na uyman\u0131z ve iyi a\u011f\u0131z hijyeni uygulamalar\u0131n\u0131 s\u00fcrd\u00fcrmeniz \u00f6nemlidir.\u00a0Yeni restorasyonlar\u0131n\u0131za uygun \u015fekilde \u00f6zen g\u00f6stererek ve d\u00fczenli di\u015f hekimi ziyaretlerine kat\u0131larak, di\u015f zirkonyum tedavinizin faydalar\u0131ndan y\u0131llarca yararlanabilirsiniz.<\/p>\n\n\n<p>&nbsp;<\/p>\n<p>[\/vc_column_text][\/vc_column][\/vc_row]<\/p><\/div>","protected":false},"excerpt":{"rendered":"<p>[vc_row][vc_column icons_position=&#8221;left&#8221;][vc_column_text] Zirkonyum Tedavisi Nas\u0131l Yap\u0131l\u0131r? Zirkonyum tedavisi, di\u015f hekimli\u011finde estetik ve dayan\u0131kl\u0131 di\u015f restorasyonlar\u0131 i\u00e7in kullan\u0131lan bir y\u00f6ntemdir. Zirkonyum, porselen benzeri bir malzeme olarak\u2026<\/p>\n","protected":false},"author":1,"featured_media":0,"parent":0,"menu_order":0,"comment_status":"closed","ping_status":"closed","template":"","meta":{"_themeisle_gutenberg_block_has_review":false,"footnotes":""},"class_list":["post-1567","page","type-page","status-publish","hentry"],"_links":{"self":[{"href":"https:\/\/www.ferumehealth.com\/tr\/wp-json\/wp\/v2\/pages\/1567","targetHints":{"allow":["GET"]}}],"collection":[{"href":"https:\/\/www.ferumehealth.com\/tr\/wp-json\/wp\/v2\/pages"}],"about":[{"href":"https:\/\/www.ferumehealth.com\/tr\/wp-json\/wp\/v2\/types\/page"}],"author":[{"embeddable":true,"href":"https:\/\/www.ferumehealth.com\/tr\/wp-json\/wp\/v2\/users\/1"}],"replies":[{"embeddable":true,"href":"https:\/\/www.ferumehealth.com\/tr\/wp-json\/wp\/v2\/comments?post=1567"}],"version-history":[{"count":8,"href":"https:\/\/www.ferumehealth.com\/tr\/wp-json\/wp\/v2\/pages\/1567\/revisions"}],"predecessor-version":[{"id":1957,"href":"https:\/\/www.ferumehealth.com\/tr\/wp-json\/wp\/v2\/pages\/1567\/revisions\/1957"}],"wp:attachment":[{"href":"https:\/\/www.ferumehealth.com\/tr\/wp-json\/wp\/v2\/media?parent=1567"}],"curies":[{"name":"wp","href":"https:\/\/api.w.org\/{rel}","templated":true}]}}