{"id":1570,"date":"2023-07-30T14:51:06","date_gmt":"2023-07-30T14:51:06","guid":{"rendered":"https:\/\/www.ferumehealth.com\/tr\/?page_id=1570"},"modified":"2024-09-28T21:35:29","modified_gmt":"2024-09-28T21:35:29","slug":"mide-balonu","status":"publish","type":"page","link":"https:\/\/www.ferumehealth.com\/tr\/mide-balonu\/","title":{"rendered":"Mide Balonu"},"content":{"rendered":"\n<div class=\"wp-block-columns is-layout-flex wp-container-core-columns-is-layout-1 wp-block-columns-is-layout-flex\">\n<div class=\"wp-block-column is-layout-flow wp-block-column-is-layout-flow\" style=\"flex-basis:100%\"><\/div>\n<\/div>\n\n\n\n<figure class=\"wp-block-image size-large is-resized\"><img loading=\"lazy\" decoding=\"async\" width=\"1024\" height=\"346\" src=\"https:\/\/www.ferumehealth.com\/tr\/wp-content\/uploads\/2024\/09\/Mide-balonu-tr-1024x346.jpg\" alt=\"\" class=\"wp-image-1977\" style=\"object-fit:contain;width:1540px;height:520px\" srcset=\"https:\/\/www.ferumehealth.com\/tr\/wp-content\/uploads\/2024\/09\/Mide-balonu-tr-1024x346.jpg 1024w, https:\/\/www.ferumehealth.com\/tr\/wp-content\/uploads\/2024\/09\/Mide-balonu-tr-300x101.jpg 300w, https:\/\/www.ferumehealth.com\/tr\/wp-content\/uploads\/2024\/09\/Mide-balonu-tr-768x260.jpg 768w, https:\/\/www.ferumehealth.com\/tr\/wp-content\/uploads\/2024\/09\/Mide-balonu-tr-370x125.jpg 370w, https:\/\/www.ferumehealth.com\/tr\/wp-content\/uploads\/2024\/09\/Mide-balonu-tr-760x257.jpg 760w, https:\/\/www.ferumehealth.com\/tr\/wp-content\/uploads\/2024\/09\/Mide-balonu-tr.jpg 1536w\" sizes=\"auto, (max-width: 1024px) 100vw, 1024px\" \/><\/figure>\n\n\n\n<h3 class=\"wp-block-heading\">Mide Balonu Tedavisi Nas\u0131l Yap\u0131l\u0131r?<\/h3>\n\n\n\n<p>Mide balonu tedavisi, a\u015fa\u011f\u0131daki ad\u0131mlarla ger\u00e7ekle\u015ftirilen ameliyats\u0131z bir kilo verme y\u00f6ntemidir:<\/p>\n\n\n\n<ol class=\"wp-block-list\">\n<li><strong>Endoskopi:<\/strong>&nbsp;Hasta tipik olarak hafif sedasyon veya anestezi alt\u0131na al\u0131n\u0131r.&nbsp;Tedaviye ba\u015flamadan \u00f6nce midenin \u015fi\u015fmeye uygunlu\u011fu teyit edilir.<\/li>\n\n\n\n<li><strong>Balonun Yerle\u015ftirilmesi:<\/strong>&nbsp;S\u00f6n\u00fck balon bir endoskop kullan\u0131larak a\u011f\u0131zdan mideye sokulur.&nbsp;Mideye girdikten sonra, doktor onu do\u011fru \u015fekilde konumland\u0131r\u0131r.<\/li>\n\n\n\n<li><strong>Balonun \u015ei\u015firilmesi:<\/strong>&nbsp;Balon, steril bir salin sol\u00fcsyonu veya hava ile doldurulur, bu da balonun geni\u015flemesine ve mide i\u00e7inde yer kaplamas\u0131na neden olur.<\/li>\n\n\n\n<li><strong>Balonun Sabitlenmesi:<\/strong>&nbsp;Balon g\u00fcvenli bir \u015fekilde kapat\u0131lm\u0131\u015ft\u0131r ve hareketi veya s\u00f6nmeyi \u00f6nlemek i\u00e7in mide i\u00e7inde yerine sabitlenmi\u015ftir.<\/li>\n\n\n\n<li><strong>Prosed\u00fcr\u00fcn Tamamlanmas\u0131:<\/strong>&nbsp;Balonun uygun yerle\u015fimi onayland\u0131ktan ve s\u0131z\u0131nt\u0131 olmad\u0131\u011f\u0131ndan emin olduktan sonra endoskop \u00e7\u0131kar\u0131larak prosed\u00fcr tamamlan\u0131r.<\/li>\n<\/ol>\n\n\n\n<p>Mide balonu tedavisi tipik olarak yakla\u015f\u0131k 15-30 dakika s\u00fcrer ve hastalar genellikle ayn\u0131 g\u00fcn evlerine d\u00f6nebilirler.&nbsp;Balon midede yakla\u015f\u0131k 6 ay kal\u0131r ve bu s\u00fcre boyunca tokluk hissini te\u015fvik ederek hastalar\u0131n daha k\u00fc\u00e7\u00fck g\u0131da porsiyonlar\u0131 t\u00fcketmesine yard\u0131mc\u0131 olur.&nbsp;Balonun \u00e7\u0131kar\u0131lmas\u0131 da endoskopik olarak yap\u0131l\u0131r ve hastalar sonras\u0131nda normal g\u00fcnl\u00fck aktivitelerine devam edebilirler.&nbsp;Mide balonu tedavisi, kilo verme s\u00fcrecini destekleyen, cerrahi olmayan, minimal invaziv bir se\u00e7enektir.&nbsp;Bununla birlikte, tedaviye uygunlu\u011fu belirlemek i\u00e7in kalifiye bir sa\u011fl\u0131k uzman\u0131na dan\u0131\u015fmak \u00f6nemlidir.<\/p>\n\n\n\n<h3 class=\"wp-block-heading\">Mide Balonu Y\u00f6ntemleri Nelerdir?<\/h3>\n\n\n\n<p>Kilo verme i\u015flemlerinde kullan\u0131lan farkl\u0131 mide balonu y\u00f6ntemleri vard\u0131r.&nbsp;\u0130ki ana mide balonu t\u00fcr\u00fc \u015funlard\u0131r:<\/p>\n\n\n\n<ol class=\"wp-block-list\">\n<li><strong>S\u0131v\u0131 Dolu Balon:<\/strong>&nbsp;Bu y\u00f6ntemde mideye s\u00f6n\u00fck bir silikon balon yerle\u015ftirilir ve ard\u0131ndan steril salin sol\u00fcsyonu veya salin ve metilen mavisi boya kar\u0131\u015f\u0131m\u0131 ile doldurulur.&nbsp;Dolgu, balonu geni\u015fletmek ve midede yer kaplamak i\u00e7in yap\u0131l\u0131r.<\/li>\n\n\n\n<li><strong>Gaz Dolu Balon:<\/strong>&nbsp;Bu y\u00f6ntemde mideye s\u00f6n\u00fck bir silikon balon sokulur ve ard\u0131ndan hava veya hava ve salin kar\u0131\u015f\u0131m\u0131 ile doldurulur.&nbsp;Gaz dolumu midede yer kaplamak i\u00e7in balonu geni\u015fletir.<\/li>\n<\/ol>\n\n\n\n<p>Her iki tip mide balonu da midenin kapasitesini azaltarak \u00e7al\u0131\u015farak tokluk hissine yol a\u00e7ar ve g\u0131da al\u0131m\u0131n\u0131 azalt\u0131r.&nbsp;Hangi y\u00f6ntemin kullan\u0131laca\u011f\u0131 hastan\u0131n bireysel ihtiya\u00e7lar\u0131na ve sa\u011fl\u0131k hizmeti sa\u011flay\u0131c\u0131s\u0131n\u0131n tercihine ba\u011fl\u0131 olabilir.&nbsp;Mide balonu y\u00f6ntemleri, kilo vermek i\u00e7in cerrahi olmayan ve minimal invaziv se\u00e7eneklerdir ve balon genellikle kullan\u0131lan balonun t\u00fcr\u00fcne g\u00f6re de\u011fi\u015febilen belirli bir s\u00fcre sonra \u00e7\u0131kar\u0131l\u0131r.<\/p>\n\n\n\n<h3 class=\"wp-block-heading\">Mide Balonu Kimler \u0130\u00e7in Uygundur?<\/h3>\n\n\n\n<p>Mide balonu olarak da bilinen mide balonu genel olarak a\u015fa\u011f\u0131daki kriterleri kar\u015f\u0131layan bireyler i\u00e7in uygun g\u00f6r\u00fclmektedir:<\/p>\n\n\n\n<ol class=\"wp-block-list\">\n<li><strong>Fazla Kilolu veya Hafif Obez:<\/strong>&nbsp;Adaylar\u0131n v\u00fccut kitle indeksi (VK\u0130) genellikle 27 ile 35 aras\u0131ndad\u0131r. Mide balonu genellikle fazla kilolu veya hafif obez olan ve di\u011fer y\u00f6ntemlerle kilo vermekte zorlananlar i\u00e7in \u00f6nerilir.<\/li>\n\n\n\n<li><strong>Ba\u015far\u0131s\u0131z Kilo Verme Giri\u015fimleri:<\/strong>&nbsp;Adaylar, \u00f6nemli sonu\u00e7lar elde etmeden \u00f6nce diyet, egzersiz ve di\u011fer cerrahi olmayan y\u00f6ntemlerle kilo verme giri\u015fimlerinde bulunmu\u015f olmal\u0131d\u0131r.<\/li>\n\n\n\n<li><strong>Ya\u015fam Tarz\u0131 De\u011fi\u015fiklikleri i\u00e7in Motivasyon:<\/strong>&nbsp;Uygun adaylar, prosed\u00fcr\u00fcn ba\u015far\u0131s\u0131n\u0131 desteklemek i\u00e7in daha sa\u011fl\u0131kl\u0131 bir diyet ve d\u00fczenli egzersiz dahil olmak \u00fczere \u00f6nemli ya\u015fam tarz\u0131 de\u011fi\u015fiklikleri yapmaya kararl\u0131 olmal\u0131d\u0131r.<\/li>\n\n\n\n<li><strong>Sa\u011fl\u0131k Durumuyla \u00c7eli\u015fkisi Olmamas\u0131:<\/strong>&nbsp;Adaylar\u0131n i\u015fleme engel te\u015fkil edecek veya ek risk olu\u015fturabilecek herhangi bir sa\u011fl\u0131k durumunun bulunmamas\u0131 gerekmektedir.<\/li>\n\n\n\n<li><strong>Ameliyat \u0130\u00e7in Uygun De\u011fil:<\/strong>&nbsp;Mide balonu, cerrahi kilo verme prosed\u00fcrlerine uygun olmayan veya bundan ka\u00e7\u0131nmay\u0131 tercih eden ki\u015filer i\u00e7in uygun bir se\u00e7enek olabilir.<\/li>\n<\/ol>\n\n\n\n<p>Mide balonu d\u00fc\u015f\u00fcnen ki\u015filerin, i\u015flemin kendi t\u0131bbi durumlar\u0131na ve kilo verme hedeflerine uygun olup olmad\u0131\u011f\u0131n\u0131 belirlemek i\u00e7in kalifiye bir sa\u011fl\u0131k uzman\u0131na dan\u0131\u015fmalar\u0131 \u00f6nemlidir.&nbsp;Her vaka benzersizdir ve bireyin ihtiya\u00e7lar\u0131na en uygun tedavi plan\u0131n\u0131 sa\u011flamak i\u00e7in kapsaml\u0131 bir de\u011ferlendirme gereklidir.<\/p>\n\n\n\n<h3 class=\"wp-block-heading\">Mide Balonu \u00d6n Tedavi \u0130\u015flemleri Nelerdir?<\/h3>\n\n\n\n<p>Bir mide balonu prosed\u00fcr\u00fc ge\u00e7irmeden \u00f6nce hastalar, prosed\u00fcr\u00fcn g\u00fcvenli\u011fini ve etkilili\u011fini sa\u011flamak i\u00e7in tipik olarak birka\u00e7 \u00f6n tedavi ad\u0131m\u0131na ve de\u011ferlendirmeye tabi tutulur.&nbsp;Baz\u0131 yayg\u0131n \u00f6n tedavi \u00f6nlemleri \u015funlar\u0131 i\u00e7erir:<\/p>\n\n\n\n<ol class=\"wp-block-list\">\n<li><strong>T\u0131bbi De\u011ferlendirme:<\/strong>&nbsp;Hastan\u0131n genel sa\u011fl\u0131\u011f\u0131n\u0131 ve prosed\u00fcr\u00fc etkileyebilecek mevcut t\u0131bbi durumlar\u0131 de\u011ferlendirmek i\u00e7in kapsaml\u0131 bir t\u0131bbi de\u011ferlendirme yap\u0131l\u0131r.<\/li>\n\n\n\n<li><strong>Beslenme Dan\u0131\u015fmanl\u0131\u011f\u0131:<\/strong>&nbsp;Hastalar, i\u015flem sonras\u0131 \u00e7ok \u00f6nemli olacak diyet de\u011fi\u015fiklikleri ve sa\u011fl\u0131kl\u0131 beslenme al\u0131\u015fkanl\u0131klar\u0131n\u0131 \u00f6\u011frenmek i\u00e7in beslenme dan\u0131\u015fmanl\u0131\u011f\u0131 alabilirler.<\/li>\n\n\n\n<li><strong>Kilo Verme Giri\u015fimleri:<\/strong>&nbsp;Baz\u0131 sa\u011fl\u0131k hizmeti sunucular\u0131, hastalar\u0131n mide balonuna ge\u00e7meden \u00f6nce diyet ve egzersiz yoluyla \u00f6nceki kilo verme giri\u015fimlerini g\u00f6stermelerini isteyebilir.<\/li>\n\n\n\n<li><strong>Ya\u015fam Tarz\u0131 De\u011fi\u015fiklikleri:<\/strong>&nbsp;Hastalar, d\u00fczenli egzersiz ve varsa sigaray\u0131 b\u0131rakmak dahil olmak \u00fczere daha sa\u011fl\u0131kl\u0131 ya\u015fam tarz\u0131 al\u0131\u015fkanl\u0131klar\u0131 benimsemeye te\u015fvik edilir.<\/li>\n\n\n\n<li><strong>Psikolojik De\u011ferlendirme:<\/strong>&nbsp;Hastan\u0131n zihinsel sa\u011fl\u0131\u011f\u0131n\u0131 ve prosed\u00fcre duygusal haz\u0131rl\u0131\u011f\u0131n\u0131 ve takip edecek ya\u015fam tarz\u0131 de\u011fi\u015fikliklerini de\u011ferlendirmek i\u00e7in psikolojik bir de\u011ferlendirme yap\u0131labilir.<\/li>\n\n\n\n<li><strong>E\u011fitim:<\/strong>&nbsp;Hastalara, prosed\u00fcr\u00fcn risklerini, faydalar\u0131n\u0131 ve beklenen sonu\u00e7lar\u0131n\u0131 tam olarak anlamalar\u0131 i\u00e7in e\u011fitim materyalleri ve seanslar sa\u011flan\u0131r.<\/li>\n<\/ol>\n\n\n\n<p>Bu tedavi \u00f6ncesi ad\u0131mlar, hastan\u0131n mide balonu prosed\u00fcr\u00fcne iyi haz\u0131rlanmas\u0131n\u0131 sa\u011flamak ve ba\u015far\u0131l\u0131 bir sonu\u00e7 alma \u015fans\u0131n\u0131 en \u00fcst d\u00fczeye \u00e7\u0131karmak i\u00e7in gereklidir.&nbsp;G\u00fcvenli ve etkili bir prosed\u00fcr i\u00e7in hastalar\u0131n tedavi \u00f6ncesi s\u00fcre\u00e7lerine aktif olarak kat\u0131lmalar\u0131 ve sa\u011fl\u0131k hizmeti sa\u011flay\u0131c\u0131lar\u0131n\u0131n y\u00f6nlendirmelerine uymalar\u0131 \u00e7ok \u00f6nemlidir.<\/p>\n\n\n\n<h3 class=\"wp-block-heading\">Mide Balonu Sonras\u0131 Tedavi S\u00fcreci<\/h3>\n\n\n\n<p>Mide balonu ameliyat\u0131 sonras\u0131 tedavi sonras\u0131 s\u00fcre\u00e7, ba\u015far\u0131l\u0131 bir sonu\u00e7 ve etkili kilo kayb\u0131 i\u00e7in \u00e7ok \u00f6nemlidir.&nbsp;Tedavi sonras\u0131 bak\u0131m\u0131n baz\u0131 \u00f6nemli y\u00f6nleri \u015funlard\u0131r:<\/p>\n\n\n\n<ol class=\"wp-block-list\">\n<li><strong>\u0130zleme:<\/strong>&nbsp;\u0130\u015flemden sonra, acil bir komplikasyon olmad\u0131\u011f\u0131ndan emin olmak i\u00e7in hastalar sa\u011fl\u0131k uzmanlar\u0131 taraf\u0131ndan yak\u0131ndan izlenir.<\/li>\n\n\n\n<li><strong>Diyet ve Beslenme:<\/strong>&nbsp;Hastalar, iyile\u015fme d\u00f6neminde takip etmeleri i\u00e7in \u00f6zel diyet y\u00f6nergeleri al\u0131rlar.&nbsp;Ba\u015flang\u0131\u00e7ta yumu\u015fak veya s\u0131v\u0131 g\u0131dalar\u0131 t\u00fcketmeleri ve kademeli olarak kat\u0131 g\u0131dalara ge\u00e7i\u015fleri \u00f6nerilebilir.<\/li>\n\n\n\n<li><strong>Fiziksel Aktivite:<\/strong>&nbsp;Hastalar, i\u015flemden sonra m\u00fcmk\u00fcn olan en k\u0131sa s\u00fcrede hafif fiziksel aktivite yapmaya te\u015fvik edilir ve sa\u011fl\u0131k hizmeti sa\u011flay\u0131c\u0131s\u0131n\u0131n \u00f6nerdi\u011fi \u015fekilde aktivite seviyelerini kademeli olarak art\u0131r\u0131r.<\/li>\n\n\n\n<li><strong>Takip Ziyaretleri:<\/strong>&nbsp;Hastan\u0131n ilerlemesini de\u011ferlendirmek ve kilo kayb\u0131n\u0131 izlemek i\u00e7in sa\u011fl\u0131k uzman\u0131yla d\u00fczenli takip ziyaretleri planlan\u0131r.<\/li>\n\n\n\n<li><strong>Balon \u00c7\u0131karma:<\/strong>&nbsp;Mide balonu genellikle kullan\u0131lan balonun tipine g\u00f6re de\u011fi\u015febilen belirli bir s\u00fcre sonra \u00e7\u0131kar\u0131l\u0131r.&nbsp;Bu \u00e7\u0131karma i\u015flemi genellikle endoskopik olarak yap\u0131l\u0131r.<\/li>\n\n\n\n<li><strong>Uzun S\u00fcreli Ya\u015fam Tarz\u0131 De\u011fi\u015fiklikleri:<\/strong>&nbsp;Kilo kayb\u0131n\u0131 s\u00fcrd\u00fcrmek ve sonu\u00e7lar\u0131 optimize etmek i\u00e7in hastalar, dengeli bir diyet ve d\u00fczenli egzersiz de dahil olmak \u00fczere sa\u011fl\u0131kl\u0131 ya\u015fam tarz\u0131 al\u0131\u015fkanl\u0131klar\u0131na devam etmeye te\u015fvik edilir.<\/li>\n\n\n\n<li><strong>Destek ve Dan\u0131\u015fmanl\u0131k:<\/strong>&nbsp;Hastalar\u0131n kilo verme yolculu\u011fu s\u0131ras\u0131nda kar\u015f\u0131la\u015fabilecekleri zorluklarla ba\u015fa \u00e7\u0131kmalar\u0131na yard\u0131mc\u0131 olmak i\u00e7in duygusal destek ve dan\u0131\u015fmanl\u0131k sa\u011flanabilir.<\/li>\n<\/ol>\n\n\n\n<p>Mide balonu i\u015fleminden sonra m\u00fcmk\u00fcn olan en iyi sonu\u00e7lar\u0131 elde etmek i\u00e7in hastalar\u0131n tedavi sonras\u0131 d\u00f6nemde sa\u011fl\u0131k hizmeti sa\u011flay\u0131c\u0131s\u0131n\u0131n talimatlar\u0131na uymas\u0131 \u00e7ok \u00f6nemlidir.&nbsp;Sa\u011fl\u0131k ekibiyle d\u00fczenli ileti\u015fim, endi\u015feleri gidermek ve sorunsuz bir iyile\u015fme s\u00fcreci sa\u011flamak i\u00e7in \u00e7ok \u00f6nemlidir.<\/p>\n","protected":false},"excerpt":{"rendered":"<p>Mide Balonu Tedavisi Nas\u0131l Yap\u0131l\u0131r? Mide balonu tedavisi, a\u015fa\u011f\u0131daki ad\u0131mlarla ger\u00e7ekle\u015ftirilen ameliyats\u0131z bir kilo verme y\u00f6ntemidir: Mide balonu tedavisi tipik olarak yakla\u015f\u0131k 15-30 dakika s\u00fcrer\u2026<\/p>\n","protected":false},"author":1,"featured_media":0,"parent":0,"menu_order":0,"comment_status":"closed","ping_status":"closed","template":"","meta":{"_themeisle_gutenberg_block_has_review":false,"footnotes":""},"class_list":["post-1570","page","type-page","status-publish","hentry"],"_links":{"self":[{"href":"https:\/\/www.ferumehealth.com\/tr\/wp-json\/wp\/v2\/pages\/1570","targetHints":{"allow":["GET"]}}],"collection":[{"href":"https:\/\/www.ferumehealth.com\/tr\/wp-json\/wp\/v2\/pages"}],"about":[{"href":"https:\/\/www.ferumehealth.com\/tr\/wp-json\/wp\/v2\/types\/page"}],"author":[{"embeddable":true,"href":"https:\/\/www.ferumehealth.com\/tr\/wp-json\/wp\/v2\/users\/1"}],"replies":[{"embeddable":true,"href":"https:\/\/www.ferumehealth.com\/tr\/wp-json\/wp\/v2\/comments?post=1570"}],"version-history":[{"count":5,"href":"https:\/\/www.ferumehealth.com\/tr\/wp-json\/wp\/v2\/pages\/1570\/revisions"}],"predecessor-version":[{"id":1978,"href":"https:\/\/www.ferumehealth.com\/tr\/wp-json\/wp\/v2\/pages\/1570\/revisions\/1978"}],"wp:attachment":[{"href":"https:\/\/www.ferumehealth.com\/tr\/wp-json\/wp\/v2\/media?parent=1570"}],"curies":[{"name":"wp","href":"https:\/\/api.w.org\/{rel}","templated":true}]}}