{"id":1646,"date":"2023-08-06T14:25:02","date_gmt":"2023-08-06T14:25:02","guid":{"rendered":"https:\/\/www.ferumehealth.com\/tr\/?page_id=1646"},"modified":"2026-01-23T13:42:46","modified_gmt":"2026-01-23T13:42:46","slug":"doktorlar","status":"publish","type":"page","link":"https:\/\/www.ferumehealth.com\/tr\/doktorlar\/","title":{"rendered":"Doktorlar"},"content":{"rendered":"\n<div class=\"wp-block-columns is-layout-flex wp-container-core-columns-is-layout-6 wp-block-columns-is-layout-flex\">\n<div class=\"wp-block-column is-layout-flow wp-block-column-is-layout-flow\">\n<div class=\"wp-block-columns is-layout-flex wp-container-core-columns-is-layout-5 wp-block-columns-is-layout-flex\">\n<div class=\"wp-block-column is-layout-flow wp-block-column-is-layout-flow\">\n<div style=\"height:30px\" aria-hidden=\"true\" class=\"wp-block-spacer\"><\/div>\n\n\n\n<div class=\"wp-block-columns is-layout-flex wp-container-core-columns-is-layout-1 wp-block-columns-is-layout-flex\">\n<div class=\"wp-block-column is-layout-flow wp-block-column-is-layout-flow\">\n<figure class=\"wp-block-image size-full\"><img loading=\"lazy\" decoding=\"async\" width=\"350\" height=\"400\" src=\"https:\/\/www.ferumehealth.com\/tr\/wp-content\/uploads\/2026\/01\/fatih-kilic.jpg\" alt=\"\" class=\"wp-image-2120\" srcset=\"https:\/\/www.ferumehealth.com\/tr\/wp-content\/uploads\/2026\/01\/fatih-kilic.jpg 350w, https:\/\/www.ferumehealth.com\/tr\/wp-content\/uploads\/2026\/01\/fatih-kilic-263x300.jpg 263w\" sizes=\"auto, (max-width: 350px) 100vw, 350px\" \/><\/figure>\n\n\n\n<h5 class=\"wp-block-heading\">Op.Dr.Fatih K.<\/h5>\n\n\n\n<p>29 Ekim 1985\u2019te Gaziantep\u2019te do\u011fdum. Gaziantep T\u0131p Fak\u00fcltesi\u2019nden 2009 y\u0131l\u0131nda mezun oldum. 2015 y\u0131l\u0131nda Erciyes <\/p>\n\n\n\t\t<div class='wp-block-btn-button free  align' id='btnButton-1f8d1250-5' data-role=[] data-loginurl=&quot;https:\\\/\\\/www.ferumehealth.com\\\/tr\\\/wp-login.php&quot; data-attributes='{&quot;cId&quot;:&quot;1f8d1250-5&quot;,&quot;cPostId&quot;:1646,&quot;text&quot;:&quot;Devam\\u0131&quot;,&quot;url&quot;:&quot;https:\\\/\\\/www.ferumehealth.com\\\/tr\\\/dr-fatih-k\\\/&quot;,&quot;icon&quot;:{&quot;class&quot;:&quot;fas fa-angle-double-right&quot;,&quot;name&quot;:&quot;angle-double-right&quot;},&quot;upIcon&quot;:{&quot;id&quot;:974,&quot;url&quot;:&quot;https:\\\/\\\/www.vegahealthagency.com\\\/wp-content\\\/uploads\\\/2023\\\/04\\\/hair-transplantation-icon.png&quot;,&quot;alt&quot;:&quot;&quot;,&quot;title&quot;:&quot;hair transplantation icon&quot;},&quot;animationDuration&quot;:0.5,&quot;alignment&quot;:&quot;left&quot;,&quot;typography&quot;:{&quot;fontSize&quot;:16,&quot;fontWeight&quot;:600,&quot;textDecoration&quot;:&quot;none&quot;},&quot;colors&quot;:{&quot;color&quot;:&quot;#fff&quot;,&quot;bg&quot;:&quot;#4527a4&quot;,&quot;bgType&quot;:&quot;gradient&quot;,&quot;gradient&quot;:&quot;linear-gradient(50deg,rgb(11,225,249) 0%,rgb(0,0,0) 100%)&quot;},&quot;hovColors&quot;:{&quot;color&quot;:&quot;#fff&quot;,&quot;bg&quot;:&quot;#8ed1fc&quot;,&quot;bgType&quot;:&quot;gradient&quot;,&quot;gradient&quot;:&quot;linear-gradient(50deg,rgb(0,161,255) 0%,rgb(217,239,253) 100%)&quot;},&quot;padding&quot;:{&quot;vertical&quot;:&quot;12px&quot;,&quot;horizontal&quot;:&quot;24px&quot;,&quot;side&quot;:2,&quot;top&quot;:&quot;12px&quot;,&quot;right&quot;:&quot;24px&quot;,&quot;bottom&quot;:&quot;12px&quot;,&quot;left&quot;:&quot;24px&quot;},&quot;align&quot;:&quot;&quot;,&quot;securityPassword&quot;:&quot;&quot;,&quot;actionType&quot;:&quot;link&quot;,&quot;security&quot;:&quot;none&quot;,&quot;tooltip&quot;:&quot;&quot;,&quot;tooltipPos&quot;:&quot;top&quot;,&quot;target&quot;:&quot;_self&quot;,&quot;attrs&quot;:{&quot;rel&quot;:&quot;noreferrer&quot;,&quot;referrerpolicy&quot;:&quot;no-referrer&quot;},&quot;hideOn&quot;:{&quot;desktop&quot;:false,&quot;tablet&quot;:false,&quot;mobile&quot;:false},&quot;isDownload&quot;:false,&quot;downloadFileName&quot;:&quot;&quot;,&quot;isUpIcon&quot;:false,&quot;iconPos&quot;:&quot;left&quot;,&quot;type&quot;:&quot;flat&quot;,&quot;isFullWidth&quot;:false,&quot;size&quot;:&quot;medium&quot;,&quot;popup&quot;:{&quot;type&quot;:&quot;image&quot;,&quot;content&quot;:&quot;&quot;,&quot;caption&quot;:&quot;&quot;,&quot;width&quot;:&quot;&quot;},&quot;animationType&quot;:&quot;&quot;,&quot;addID&quot;:&quot;&quot;,&quot;addCSS&quot;:&quot;&quot;,&quot;border&quot;:{&quot;radius&quot;:&quot;5px&quot;},&quot;shadow&quot;:[],&quot;hasCustomCSS&quot;:false,&quot;customCSS&quot;:&quot;&quot;,&quot;otterConditions&quot;:[]}' data-nonce='&quot;4caba27048&quot;'><\/div>\r\n\r\n\t\t<\/div>\n\n\n\n<div class=\"wp-block-column is-layout-flow wp-block-column-is-layout-flow\">\n<figure class=\"wp-block-image size-full\"><img loading=\"lazy\" decoding=\"async\" width=\"350\" height=\"400\" src=\"https:\/\/www.ferumehealth.com\/tr\/wp-content\/uploads\/2024\/11\/dt2.jpg\" alt=\"\" class=\"wp-image-2066\" srcset=\"https:\/\/www.ferumehealth.com\/tr\/wp-content\/uploads\/2024\/11\/dt2.jpg 350w, https:\/\/www.ferumehealth.com\/tr\/wp-content\/uploads\/2024\/11\/dt2-263x300.jpg 263w\" sizes=\"auto, (max-width: 350px) 100vw, 350px\" \/><\/figure>\n\n\n\n<h5 class=\"wp-block-heading\">Prof.Dr.Mustafa A.<\/h5>\n\n\n\n<p>10 May\u0131s 1980 tarihinde do\u011fdu. 2003 y\u0131l\u0131nda Kocaeli \u00dcniversitesi\u2019nden mezun oldu. 2010 y\u0131l\u0131nda D\u00fczce Dev&#8230;<\/p>\n\n\n\t\t<div class='wp-block-btn-button free  align' id='btnButton-41c203d4-7' data-role=[] data-loginurl=&quot;https:\\\/\\\/www.ferumehealth.com\\\/tr\\\/wp-login.php&quot; data-attributes='{&quot;cId&quot;:&quot;41c203d4-7&quot;,&quot;cPostId&quot;:1646,&quot;text&quot;:&quot;Devam\\u0131&quot;,&quot;url&quot;:&quot;https:\\\/\\\/www.ferumehealth.com\\\/tr\\\/prof-dr-mustafa-a\\\/&quot;,&quot;icon&quot;:{&quot;class&quot;:&quot;fas fa-angle-double-right&quot;,&quot;name&quot;:&quot;angle-double-right&quot;},&quot;upIcon&quot;:{&quot;id&quot;:974,&quot;url&quot;:&quot;https:\\\/\\\/www.vegahealthagency.com\\\/wp-content\\\/uploads\\\/2023\\\/04\\\/hair-transplantation-icon.png&quot;,&quot;alt&quot;:&quot;&quot;,&quot;title&quot;:&quot;hair transplantation icon&quot;},&quot;animationDuration&quot;:0.5,&quot;alignment&quot;:&quot;left&quot;,&quot;typography&quot;:{&quot;fontSize&quot;:16,&quot;fontWeight&quot;:600,&quot;textDecoration&quot;:&quot;none&quot;},&quot;colors&quot;:{&quot;color&quot;:&quot;#fff&quot;,&quot;bg&quot;:&quot;#4527a4&quot;,&quot;bgType&quot;:&quot;gradient&quot;,&quot;gradient&quot;:&quot;linear-gradient(50deg,rgb(11,225,249) 0%,rgb(0,0,0) 100%)&quot;},&quot;hovColors&quot;:{&quot;color&quot;:&quot;#fff&quot;,&quot;bg&quot;:&quot;#8ed1fc&quot;,&quot;bgType&quot;:&quot;gradient&quot;,&quot;gradient&quot;:&quot;linear-gradient(50deg,rgb(0,161,255) 0%,rgb(217,239,253) 100%)&quot;},&quot;padding&quot;:{&quot;vertical&quot;:&quot;12px&quot;,&quot;horizontal&quot;:&quot;24px&quot;,&quot;side&quot;:2,&quot;top&quot;:&quot;12px&quot;,&quot;right&quot;:&quot;24px&quot;,&quot;bottom&quot;:&quot;12px&quot;,&quot;left&quot;:&quot;24px&quot;},&quot;align&quot;:&quot;&quot;,&quot;securityPassword&quot;:&quot;&quot;,&quot;actionType&quot;:&quot;link&quot;,&quot;security&quot;:&quot;none&quot;,&quot;tooltip&quot;:&quot;&quot;,&quot;tooltipPos&quot;:&quot;top&quot;,&quot;target&quot;:&quot;_self&quot;,&quot;attrs&quot;:{&quot;rel&quot;:&quot;noreferrer&quot;,&quot;referrerpolicy&quot;:&quot;no-referrer&quot;},&quot;hideOn&quot;:{&quot;desktop&quot;:false,&quot;tablet&quot;:false,&quot;mobile&quot;:false},&quot;isDownload&quot;:false,&quot;downloadFileName&quot;:&quot;&quot;,&quot;isUpIcon&quot;:false,&quot;iconPos&quot;:&quot;left&quot;,&quot;type&quot;:&quot;flat&quot;,&quot;isFullWidth&quot;:false,&quot;size&quot;:&quot;medium&quot;,&quot;popup&quot;:{&quot;type&quot;:&quot;image&quot;,&quot;content&quot;:&quot;&quot;,&quot;caption&quot;:&quot;&quot;,&quot;width&quot;:&quot;&quot;},&quot;animationType&quot;:&quot;&quot;,&quot;addID&quot;:&quot;&quot;,&quot;addCSS&quot;:&quot;&quot;,&quot;border&quot;:{&quot;radius&quot;:&quot;5px&quot;},&quot;shadow&quot;:[],&quot;hasCustomCSS&quot;:false,&quot;customCSS&quot;:&quot;&quot;,&quot;otterConditions&quot;:[]}' data-nonce='&quot;4caba27048&quot;'><\/div>\r\n\r\n\t\t<\/div>\n\n\n\n<div class=\"wp-block-column is-layout-flow wp-block-column-is-layout-flow\">\n<figure class=\"wp-block-image size-full\"><img loading=\"lazy\" decoding=\"async\" width=\"350\" height=\"400\" src=\"https:\/\/www.ferumehealth.com\/tr\/wp-content\/uploads\/2024\/04\/dt.-hanifi-saricicek.png\" alt=\"\" class=\"wp-image-1867\" srcset=\"https:\/\/www.ferumehealth.com\/tr\/wp-content\/uploads\/2024\/04\/dt.-hanifi-saricicek.png 350w, https:\/\/www.ferumehealth.com\/tr\/wp-content\/uploads\/2024\/04\/dt.-hanifi-saricicek-263x300.png 263w\" sizes=\"auto, (max-width: 350px) 100vw, 350px\" \/><\/figure>\n\n\n\n<h5 class=\"wp-block-heading\">Dt.Hanifi S.<\/h5>\n\n\n\n<p><\/p>\n\n\n\n<ul class=\"wp-block-list\">\n<li>Sel\u00e7uk \u00dcniversitesi Di\u015f Hekimli\u011fi Fak\u00fcltesi \/ 2007<br>*2019 dan bu yana kendi muayenehan..<\/li>\n<\/ul>\n\n\n\n<p><\/p>\n\n\n\t\t<div class='wp-block-btn-button free  align' id='btnButton-ef9885e7-b' data-role=[] data-loginurl=&quot;https:\\\/\\\/www.ferumehealth.com\\\/tr\\\/wp-login.php&quot; data-attributes='{&quot;cId&quot;:&quot;ef9885e7-b&quot;,&quot;cPostId&quot;:1646,&quot;text&quot;:&quot;Devam\\u0131&quot;,&quot;url&quot;:&quot;https:\\\/\\\/www.ferumehealth.com\\\/tr\\\/dt-hanifi-s\\\/&quot;,&quot;icon&quot;:{&quot;class&quot;:&quot;fas fa-angle-double-right&quot;,&quot;name&quot;:&quot;angle-double-right&quot;},&quot;upIcon&quot;:{&quot;id&quot;:974,&quot;url&quot;:&quot;https:\\\/\\\/www.vegahealthagency.com\\\/wp-content\\\/uploads\\\/2023\\\/04\\\/hair-transplantation-icon.png&quot;,&quot;alt&quot;:&quot;&quot;,&quot;title&quot;:&quot;hair transplantation icon&quot;},&quot;animationDuration&quot;:0.5,&quot;alignment&quot;:&quot;left&quot;,&quot;typography&quot;:{&quot;fontSize&quot;:16,&quot;fontWeight&quot;:600,&quot;textDecoration&quot;:&quot;none&quot;},&quot;colors&quot;:{&quot;color&quot;:&quot;#fff&quot;,&quot;bg&quot;:&quot;#4527a4&quot;,&quot;bgType&quot;:&quot;gradient&quot;,&quot;gradient&quot;:&quot;linear-gradient(50deg,rgb(11,225,249) 0%,rgb(0,0,0) 100%)&quot;},&quot;hovColors&quot;:{&quot;color&quot;:&quot;#fff&quot;,&quot;bg&quot;:&quot;#8ed1fc&quot;,&quot;bgType&quot;:&quot;gradient&quot;,&quot;gradient&quot;:&quot;linear-gradient(50deg,rgb(0,161,255) 0%,rgb(217,239,253) 100%)&quot;},&quot;padding&quot;:{&quot;vertical&quot;:&quot;12px&quot;,&quot;horizontal&quot;:&quot;24px&quot;,&quot;side&quot;:2,&quot;top&quot;:&quot;12px&quot;,&quot;right&quot;:&quot;24px&quot;,&quot;bottom&quot;:&quot;12px&quot;,&quot;left&quot;:&quot;24px&quot;},&quot;align&quot;:&quot;&quot;,&quot;securityPassword&quot;:&quot;&quot;,&quot;actionType&quot;:&quot;link&quot;,&quot;security&quot;:&quot;none&quot;,&quot;tooltip&quot;:&quot;&quot;,&quot;tooltipPos&quot;:&quot;top&quot;,&quot;target&quot;:&quot;_self&quot;,&quot;attrs&quot;:{&quot;rel&quot;:&quot;noreferrer&quot;,&quot;referrerpolicy&quot;:&quot;no-referrer&quot;},&quot;hideOn&quot;:{&quot;desktop&quot;:false,&quot;tablet&quot;:false,&quot;mobile&quot;:false},&quot;isDownload&quot;:false,&quot;downloadFileName&quot;:&quot;&quot;,&quot;isUpIcon&quot;:false,&quot;iconPos&quot;:&quot;left&quot;,&quot;type&quot;:&quot;flat&quot;,&quot;isFullWidth&quot;:false,&quot;size&quot;:&quot;medium&quot;,&quot;popup&quot;:{&quot;type&quot;:&quot;image&quot;,&quot;content&quot;:&quot;&quot;,&quot;caption&quot;:&quot;&quot;,&quot;width&quot;:&quot;&quot;},&quot;animationType&quot;:&quot;&quot;,&quot;addID&quot;:&quot;&quot;,&quot;addCSS&quot;:&quot;&quot;,&quot;border&quot;:{&quot;radius&quot;:&quot;5px&quot;},&quot;shadow&quot;:[],&quot;hasCustomCSS&quot;:false,&quot;customCSS&quot;:&quot;&quot;,&quot;otterConditions&quot;:[]}' data-nonce='&quot;4caba27048&quot;'><\/div>\r\n\r\n\t\t<\/div>\n<\/div>\n\n\n\n<div class=\"wp-block-columns is-layout-flex wp-container-core-columns-is-layout-2 wp-block-columns-is-layout-flex\">\n<div class=\"wp-block-column is-layout-flow wp-block-column-is-layout-flow\">\n<figure class=\"wp-block-image size-full\"><img loading=\"lazy\" decoding=\"async\" width=\"350\" height=\"400\" src=\"https:\/\/www.ferumehealth.com\/tr\/wp-content\/uploads\/2024\/11\/dis-hekimi-hasan-fehmi-1-1.jpg\" alt=\"\" class=\"wp-image-2050\" srcset=\"https:\/\/www.ferumehealth.com\/tr\/wp-content\/uploads\/2024\/11\/dis-hekimi-hasan-fehmi-1-1.jpg 350w, https:\/\/www.ferumehealth.com\/tr\/wp-content\/uploads\/2024\/11\/dis-hekimi-hasan-fehmi-1-1-263x300.jpg 263w\" sizes=\"auto, (max-width: 350px) 100vw, 350px\" \/><\/figure>\n\n\n\n<h5 class=\"wp-block-heading\"><strong>Di\u015f hekimi Hasan Fehmi A.<\/strong><\/h5>\n\n\n\n<p><\/p>\n\n\n\n<p>1981 \u0130stanbul do\u011fumludur. 1999 y\u0131l\u0131nda \u015eanl\u0131urfa Anadolu lisesinden, 2004 y\u0131l\u0131nda da Sel\u00e7uk \u00dcniversitesi di\u015f hekimli\u011fi<\/p>\n\n\n\t\t<div class='wp-block-btn-button free  align' id='btnButton-90e083ab-3' data-role=[] data-loginurl=&quot;https:\\\/\\\/www.ferumehealth.com\\\/tr\\\/wp-login.php&quot; data-attributes='{&quot;cId&quot;:&quot;90e083ab-3&quot;,&quot;cPostId&quot;:1646,&quot;text&quot;:&quot;Devam\\u0131&quot;,&quot;url&quot;:&quot;https:\\\/\\\/www.ferumehealth.com\\\/tr\\\/dis-hekimi-hasan-fehmi-a\\\/&quot;,&quot;icon&quot;:{&quot;class&quot;:&quot;fas fa-angle-double-right&quot;,&quot;name&quot;:&quot;angle-double-right&quot;},&quot;upIcon&quot;:{&quot;id&quot;:974,&quot;url&quot;:&quot;https:\\\/\\\/www.vegahealthagency.com\\\/wp-content\\\/uploads\\\/2023\\\/04\\\/hair-transplantation-icon.png&quot;,&quot;alt&quot;:&quot;&quot;,&quot;title&quot;:&quot;hair transplantation icon&quot;},&quot;animationDuration&quot;:0.5,&quot;alignment&quot;:&quot;left&quot;,&quot;typography&quot;:{&quot;fontSize&quot;:16,&quot;fontWeight&quot;:600,&quot;textDecoration&quot;:&quot;none&quot;},&quot;colors&quot;:{&quot;color&quot;:&quot;#fff&quot;,&quot;bg&quot;:&quot;#4527a4&quot;,&quot;bgType&quot;:&quot;gradient&quot;,&quot;gradient&quot;:&quot;linear-gradient(50deg,rgb(11,225,249) 0%,rgb(0,0,0) 100%)&quot;},&quot;hovColors&quot;:{&quot;color&quot;:&quot;#fff&quot;,&quot;bg&quot;:&quot;#8ed1fc&quot;,&quot;bgType&quot;:&quot;gradient&quot;,&quot;gradient&quot;:&quot;linear-gradient(50deg,rgb(0,161,255) 0%,rgb(217,239,253) 100%)&quot;},&quot;padding&quot;:{&quot;vertical&quot;:&quot;12px&quot;,&quot;horizontal&quot;:&quot;24px&quot;,&quot;side&quot;:2,&quot;top&quot;:&quot;12px&quot;,&quot;right&quot;:&quot;24px&quot;,&quot;bottom&quot;:&quot;12px&quot;,&quot;left&quot;:&quot;24px&quot;},&quot;align&quot;:&quot;&quot;,&quot;securityPassword&quot;:&quot;&quot;,&quot;actionType&quot;:&quot;link&quot;,&quot;security&quot;:&quot;none&quot;,&quot;tooltip&quot;:&quot;&quot;,&quot;tooltipPos&quot;:&quot;top&quot;,&quot;target&quot;:&quot;_self&quot;,&quot;attrs&quot;:{&quot;rel&quot;:&quot;noreferrer&quot;,&quot;referrerpolicy&quot;:&quot;no-referrer&quot;},&quot;hideOn&quot;:{&quot;desktop&quot;:false,&quot;tablet&quot;:false,&quot;mobile&quot;:false},&quot;isDownload&quot;:false,&quot;downloadFileName&quot;:&quot;&quot;,&quot;isUpIcon&quot;:false,&quot;iconPos&quot;:&quot;left&quot;,&quot;type&quot;:&quot;flat&quot;,&quot;isFullWidth&quot;:false,&quot;size&quot;:&quot;medium&quot;,&quot;popup&quot;:{&quot;type&quot;:&quot;image&quot;,&quot;content&quot;:&quot;&quot;,&quot;caption&quot;:&quot;&quot;,&quot;width&quot;:&quot;&quot;},&quot;animationType&quot;:&quot;&quot;,&quot;addID&quot;:&quot;&quot;,&quot;addCSS&quot;:&quot;&quot;,&quot;border&quot;:{&quot;radius&quot;:&quot;5px&quot;},&quot;shadow&quot;:[],&quot;hasCustomCSS&quot;:false,&quot;customCSS&quot;:&quot;&quot;,&quot;otterConditions&quot;:[]}' data-nonce='&quot;4caba27048&quot;'><\/div>\r\n\r\n\t\t<\/div>\n\n\n\n<div class=\"wp-block-column is-layout-flow wp-block-column-is-layout-flow\">\n<figure class=\"wp-block-image size-full\"><img loading=\"lazy\" decoding=\"async\" width=\"350\" height=\"400\" src=\"https:\/\/www.ferumehealth.com\/tr\/wp-content\/uploads\/2024\/11\/op-dr-mustafa-korhan-mercan-4.png\" alt=\"\" class=\"wp-image-2074\" srcset=\"https:\/\/www.ferumehealth.com\/tr\/wp-content\/uploads\/2024\/11\/op-dr-mustafa-korhan-mercan-4.png 350w, https:\/\/www.ferumehealth.com\/tr\/wp-content\/uploads\/2024\/11\/op-dr-mustafa-korhan-mercan-4-263x300.png 263w\" sizes=\"auto, (max-width: 350px) 100vw, 350px\" \/><\/figure>\n\n\n\n<h5 class=\"wp-block-heading\"><strong>Op.Dr Mustafa Korhan M.<\/strong><\/h5>\n\n\n\n<p>1982 y\u0131l\u0131nda Kayseri\u2019de do\u011fmu\u015ftur. Lisans \u00f6ncesi \u00f6\u011frenimlerinin ard\u0131ndan Erciyes \u00dcniversitesi T\u0131p Fak\u00fcltesi&#8217;nde<\/p>\n\n\n\t\t<div class='wp-block-btn-button free  align' id='btnButton-cee94e84-a' data-role=[] data-loginurl=&quot;https:\\\/\\\/www.ferumehealth.com\\\/tr\\\/wp-login.php&quot; data-attributes='{&quot;cId&quot;:&quot;cee94e84-a&quot;,&quot;cPostId&quot;:1646,&quot;text&quot;:&quot;Devam\\u0131&quot;,&quot;url&quot;:&quot;https:\\\/\\\/www.ferumehealth.com\\\/tr\\\/op-dr-mustafa-korhan-m\\\/&quot;,&quot;icon&quot;:{&quot;class&quot;:&quot;fas fa-angle-double-right&quot;,&quot;name&quot;:&quot;angle-double-right&quot;},&quot;upIcon&quot;:{&quot;id&quot;:974,&quot;url&quot;:&quot;https:\\\/\\\/www.vegahealthagency.com\\\/wp-content\\\/uploads\\\/2023\\\/04\\\/hair-transplantation-icon.png&quot;,&quot;alt&quot;:&quot;&quot;,&quot;title&quot;:&quot;hair transplantation icon&quot;},&quot;animationDuration&quot;:0.5,&quot;alignment&quot;:&quot;left&quot;,&quot;typography&quot;:{&quot;fontSize&quot;:16,&quot;fontWeight&quot;:600,&quot;textDecoration&quot;:&quot;none&quot;},&quot;colors&quot;:{&quot;color&quot;:&quot;#fff&quot;,&quot;bg&quot;:&quot;#4527a4&quot;,&quot;bgType&quot;:&quot;gradient&quot;,&quot;gradient&quot;:&quot;linear-gradient(50deg,rgb(11,225,249) 0%,rgb(0,0,0) 100%)&quot;},&quot;hovColors&quot;:{&quot;color&quot;:&quot;#fff&quot;,&quot;bg&quot;:&quot;#8ed1fc&quot;,&quot;bgType&quot;:&quot;gradient&quot;,&quot;gradient&quot;:&quot;linear-gradient(50deg,rgb(0,161,255) 0%,rgb(217,239,253) 100%)&quot;},&quot;padding&quot;:{&quot;vertical&quot;:&quot;12px&quot;,&quot;horizontal&quot;:&quot;24px&quot;,&quot;side&quot;:2,&quot;top&quot;:&quot;12px&quot;,&quot;right&quot;:&quot;24px&quot;,&quot;bottom&quot;:&quot;12px&quot;,&quot;left&quot;:&quot;24px&quot;},&quot;align&quot;:&quot;&quot;,&quot;securityPassword&quot;:&quot;&quot;,&quot;actionType&quot;:&quot;link&quot;,&quot;security&quot;:&quot;none&quot;,&quot;tooltip&quot;:&quot;&quot;,&quot;tooltipPos&quot;:&quot;top&quot;,&quot;target&quot;:&quot;_self&quot;,&quot;attrs&quot;:{&quot;rel&quot;:&quot;noreferrer&quot;,&quot;referrerpolicy&quot;:&quot;no-referrer&quot;},&quot;hideOn&quot;:{&quot;desktop&quot;:false,&quot;tablet&quot;:false,&quot;mobile&quot;:false},&quot;isDownload&quot;:false,&quot;downloadFileName&quot;:&quot;&quot;,&quot;isUpIcon&quot;:false,&quot;iconPos&quot;:&quot;left&quot;,&quot;type&quot;:&quot;flat&quot;,&quot;isFullWidth&quot;:false,&quot;size&quot;:&quot;medium&quot;,&quot;popup&quot;:{&quot;type&quot;:&quot;image&quot;,&quot;content&quot;:&quot;&quot;,&quot;caption&quot;:&quot;&quot;,&quot;width&quot;:&quot;&quot;},&quot;animationType&quot;:&quot;&quot;,&quot;addID&quot;:&quot;&quot;,&quot;addCSS&quot;:&quot;&quot;,&quot;border&quot;:{&quot;radius&quot;:&quot;5px&quot;},&quot;shadow&quot;:[],&quot;hasCustomCSS&quot;:false,&quot;customCSS&quot;:&quot;&quot;,&quot;otterConditions&quot;:[]}' data-nonce='&quot;4caba27048&quot;'><\/div>\r\n\r\n\t\t<\/div>\n\n\n\n<div class=\"wp-block-column is-layout-flow wp-block-column-is-layout-flow\">\n<figure class=\"wp-block-image size-full\"><img loading=\"lazy\" decoding=\"async\" width=\"350\" height=\"400\" src=\"https:\/\/www.ferumehealth.com\/tr\/wp-content\/uploads\/2024\/11\/Profesor-Doktor-Taylan-Senol.png\" alt=\"\" class=\"wp-image-2056\" srcset=\"https:\/\/www.ferumehealth.com\/tr\/wp-content\/uploads\/2024\/11\/Profesor-Doktor-Taylan-Senol.png 350w, https:\/\/www.ferumehealth.com\/tr\/wp-content\/uploads\/2024\/11\/Profesor-Doktor-Taylan-Senol-263x300.png 263w\" sizes=\"auto, (max-width: 350px) 100vw, 350px\" \/><\/figure>\n\n\n\n<h5 class=\"wp-block-heading\"><strong>Profes\u00f6r Doktor Taylan \u015e.<\/strong><\/h5>\n\n\n\n<p>1981 y\u0131l\u0131nda \u0130stanbul&#8217;da do\u011fdu. Orta \u00f6\u011fretim ve lise e\u011fitimini Vefa Anadolu Lisesinde tamamlad\u0131.<\/p>\n\n\n\n<p><\/p>\n\n\n\t\t<div class='wp-block-btn-button free  align' id='btnButton-fe223cd5-c' data-role=[] data-loginurl=&quot;https:\\\/\\\/www.ferumehealth.com\\\/tr\\\/wp-login.php&quot; data-attributes='{&quot;cId&quot;:&quot;fe223cd5-c&quot;,&quot;cPostId&quot;:1646,&quot;text&quot;:&quot;Devam\\u0131&quot;,&quot;url&quot;:&quot;https:\\\/\\\/www.ferumehealth.com\\\/tr\\\/profesor-doktor-taylan-s\\\/&quot;,&quot;target&quot;:&quot;_blank&quot;,&quot;icon&quot;:{&quot;class&quot;:&quot;fas fa-angle-double-right&quot;,&quot;name&quot;:&quot;angle-double-right&quot;},&quot;upIcon&quot;:{&quot;id&quot;:974,&quot;url&quot;:&quot;https:\\\/\\\/www.vegahealthagency.com\\\/wp-content\\\/uploads\\\/2023\\\/04\\\/hair-transplantation-icon.png&quot;,&quot;alt&quot;:&quot;&quot;,&quot;title&quot;:&quot;hair transplantation icon&quot;},&quot;animationDuration&quot;:0.5,&quot;alignment&quot;:&quot;left&quot;,&quot;typography&quot;:{&quot;fontSize&quot;:16,&quot;fontWeight&quot;:600,&quot;textDecoration&quot;:&quot;none&quot;},&quot;colors&quot;:{&quot;color&quot;:&quot;#fff&quot;,&quot;bg&quot;:&quot;#4527a4&quot;,&quot;bgType&quot;:&quot;gradient&quot;,&quot;gradient&quot;:&quot;linear-gradient(50deg,rgb(11,225,249) 0%,rgb(0,0,0) 100%)&quot;},&quot;hovColors&quot;:{&quot;color&quot;:&quot;#fff&quot;,&quot;bg&quot;:&quot;#8ed1fc&quot;,&quot;bgType&quot;:&quot;gradient&quot;,&quot;gradient&quot;:&quot;linear-gradient(50deg,rgb(0,161,255) 0%,rgb(217,239,253) 100%)&quot;},&quot;padding&quot;:{&quot;vertical&quot;:&quot;12px&quot;,&quot;horizontal&quot;:&quot;24px&quot;,&quot;side&quot;:2,&quot;top&quot;:&quot;12px&quot;,&quot;right&quot;:&quot;24px&quot;,&quot;bottom&quot;:&quot;12px&quot;,&quot;left&quot;:&quot;24px&quot;},&quot;align&quot;:&quot;&quot;,&quot;securityPassword&quot;:&quot;&quot;,&quot;actionType&quot;:&quot;link&quot;,&quot;security&quot;:&quot;none&quot;,&quot;tooltip&quot;:&quot;&quot;,&quot;tooltipPos&quot;:&quot;top&quot;,&quot;attrs&quot;:{&quot;rel&quot;:&quot;noreferrer&quot;,&quot;referrerpolicy&quot;:&quot;no-referrer&quot;},&quot;hideOn&quot;:{&quot;desktop&quot;:false,&quot;tablet&quot;:false,&quot;mobile&quot;:false},&quot;isDownload&quot;:false,&quot;downloadFileName&quot;:&quot;&quot;,&quot;isUpIcon&quot;:false,&quot;iconPos&quot;:&quot;left&quot;,&quot;type&quot;:&quot;flat&quot;,&quot;isFullWidth&quot;:false,&quot;size&quot;:&quot;medium&quot;,&quot;popup&quot;:{&quot;type&quot;:&quot;image&quot;,&quot;content&quot;:&quot;&quot;,&quot;caption&quot;:&quot;&quot;,&quot;width&quot;:&quot;&quot;},&quot;animationType&quot;:&quot;&quot;,&quot;addID&quot;:&quot;&quot;,&quot;addCSS&quot;:&quot;&quot;,&quot;border&quot;:{&quot;radius&quot;:&quot;5px&quot;},&quot;shadow&quot;:[],&quot;hasCustomCSS&quot;:false,&quot;customCSS&quot;:&quot;&quot;,&quot;otterConditions&quot;:[]}' data-nonce='&quot;4caba27048&quot;'><\/div>\r\n\r\n\t\t<\/div>\n<\/div>\n\n\n\n<div style=\"height:30px\" aria-hidden=\"true\" class=\"wp-block-spacer\"><\/div>\n\n\n\n<div class=\"wp-block-columns is-layout-flex wp-container-core-columns-is-layout-4 wp-block-columns-is-layout-flex\">\n<div class=\"wp-block-column is-layout-flow wp-block-column-is-layout-flow\">\n<div class=\"wp-block-columns is-layout-flex wp-container-core-columns-is-layout-3 wp-block-columns-is-layout-flex\">\n<div class=\"wp-block-column is-layout-flow wp-block-column-is-layout-flow\"><\/div>\n<\/div>\n<\/div>\n<\/div>\n<\/div>\n<\/div>\n<\/div>\n<\/div>\n","protected":false},"excerpt":{"rendered":"<p>Op.Dr.Fatih K. 29 Ekim 1985\u2019te Gaziantep\u2019te do\u011fdum. Gaziantep T\u0131p Fak\u00fcltesi\u2019nden 2009 y\u0131l\u0131nda mezun oldum. 2015 y\u0131l\u0131nda Erciyes Prof.Dr.Mustafa A. 10 May\u0131s 1980 tarihinde do\u011fdu. 2003\u2026<\/p>\n","protected":false},"author":1,"featured_media":0,"parent":0,"menu_order":0,"comment_status":"closed","ping_status":"closed","template":"","meta":{"_themeisle_gutenberg_block_has_review":false,"footnotes":""},"class_list":["post-1646","page","type-page","status-publish","hentry"],"_links":{"self":[{"href":"https:\/\/www.ferumehealth.com\/tr\/wp-json\/wp\/v2\/pages\/1646","targetHints":{"allow":["GET"]}}],"collection":[{"href":"https:\/\/www.ferumehealth.com\/tr\/wp-json\/wp\/v2\/pages"}],"about":[{"href":"https:\/\/www.ferumehealth.com\/tr\/wp-json\/wp\/v2\/types\/page"}],"author":[{"embeddable":true,"href":"https:\/\/www.ferumehealth.com\/tr\/wp-json\/wp\/v2\/users\/1"}],"replies":[{"embeddable":true,"href":"https:\/\/www.ferumehealth.com\/tr\/wp-json\/wp\/v2\/comments?post=1646"}],"version-history":[{"count":36,"href":"https:\/\/www.ferumehealth.com\/tr\/wp-json\/wp\/v2\/pages\/1646\/revisions"}],"predecessor-version":[{"id":2126,"href":"https:\/\/www.ferumehealth.com\/tr\/wp-json\/wp\/v2\/pages\/1646\/revisions\/2126"}],"wp:attachment":[{"href":"https:\/\/www.ferumehealth.com\/tr\/wp-json\/wp\/v2\/media?parent=1646"}],"curies":[{"name":"wp","href":"https:\/\/api.w.org\/{rel}","templated":true}]}}